{"id":1160,"date":"2019-12-15T06:01:36","date_gmt":"2019-12-15T06:01:36","guid":{"rendered":"http:\/\/pluginspoint.com\/chariton\/\/?page_id=1160"},"modified":"2025-05-30T18:59:00","modified_gmt":"2025-05-30T23:59:00","slug":"contact","status":"publish","type":"page","link":"https:\/\/mirausa.net\/?page_id=1160","title":{"rendered":"Contacto"},"content":{"rendered":"\t\t<div data-elementor-type=\"wp-page\" data-elementor-id=\"1160\" class=\"elementor elementor-1160\">\n\t\t\t\t\t\t<section class=\"elementor-section elementor-top-section elementor-element elementor-element-2256674 elementor-reverse-tablet elementor-reverse-mobile elementor-section-boxed elementor-section-height-default elementor-section-height-default\" data-id=\"2256674\" data-element_type=\"section\" data-e-type=\"section\" data-settings=\"{&quot;background_background&quot;:&quot;classic&quot;}\">\n\t\t\t\t\t\t\t<div class=\"elementor-background-overlay\"><\/div>\n\t\t\t\t\t\t\t<div class=\"elementor-container elementor-column-gap-default\">\n\t\t\t\t\t<div class=\"elementor-column elementor-col-100 elementor-top-column elementor-element elementor-element-54d090e\" data-id=\"54d090e\" data-element_type=\"column\" data-e-type=\"column\">\n\t\t\t<div class=\"elementor-widget-wrap elementor-element-populated\">\n\t\t\t\t\t\t<section class=\"elementor-section elementor-inner-section elementor-element elementor-element-00d444e elementor-section-boxed elementor-section-height-default elementor-section-height-default\" data-id=\"00d444e\" data-element_type=\"section\" data-e-type=\"section\">\n\t\t\t\t\t\t<div class=\"elementor-container elementor-column-gap-default\">\n\t\t\t\t\t<div class=\"elementor-column elementor-col-100 elementor-inner-column elementor-element elementor-element-242f30e\" data-id=\"242f30e\" data-element_type=\"column\" data-e-type=\"column\">\n\t\t\t<div class=\"elementor-widget-wrap elementor-element-populated\">\n\t\t\t\t\t\t<div class=\"elementor-element elementor-element-67b7188 elementor-widget elementor-widget-elementskit-heading\" data-id=\"67b7188\" data-element_type=\"widget\" data-e-type=\"widget\" data-widget_type=\"elementskit-heading.default\">\n\t\t\t\t<div class=\"elementor-widget-container\">\n\t\t\t\t\t<div class=\"ekit-wid-con\" ><div class=\"ekit-heading elementskit-section-title-wraper text_center   ekit_heading_tablet-   ekit_heading_mobile-\"><h1 class=\"ekit-heading--title elementskit-section-title \">Cont\u00e1ctenos<\/h1><\/div><\/div>\t\t\t\t<\/div>\n\t\t\t\t<\/div>\n\t\t\t\t\t<\/div>\n\t\t<\/div>\n\t\t\t\t\t<\/div>\n\t\t<\/section>\n\t\t\t\t\t<\/div>\n\t\t<\/div>\n\t\t\t\t\t<\/div>\n\t\t<\/section>\n\t\t\t\t<section class=\"elementor-section elementor-top-section elementor-element elementor-element-3688ee2 elementor-section-boxed elementor-section-height-default elementor-section-height-default\" data-id=\"3688ee2\" data-element_type=\"section\" data-e-type=\"section\">\n\t\t\t\t\t\t<div class=\"elementor-container elementor-column-gap-default\">\n\t\t\t\t\t<div class=\"elementor-column elementor-col-100 elementor-top-column elementor-element elementor-element-5879f8b\" data-id=\"5879f8b\" data-element_type=\"column\" data-e-type=\"column\">\n\t\t\t<div class=\"elementor-widget-wrap elementor-element-populated\">\n\t\t\t\t\t\t<section class=\"elementor-section elementor-inner-section elementor-element elementor-element-e300491 elementor-section-boxed elementor-section-height-default elementor-section-height-default\" data-id=\"e300491\" data-element_type=\"section\" data-e-type=\"section\">\n\t\t\t\t\t\t<div class=\"elementor-container elementor-column-gap-default\">\n\t\t\t\t\t<div class=\"elementor-column elementor-col-33 elementor-inner-column elementor-element elementor-element-3d758dd\" data-id=\"3d758dd\" data-element_type=\"column\" data-e-type=\"column\">\n\t\t\t<div class=\"elementor-widget-wrap elementor-element-populated\">\n\t\t\t\t\t\t<div class=\"elementor-element elementor-element-ce1de6a elementor-widget elementor-widget-single-contact\" data-id=\"ce1de6a\" data-element_type=\"widget\" data-e-type=\"widget\" data-widget_type=\"single-contact.default\">\n\t\t\t\t<div class=\"elementor-widget-container\">\n\t\t\t\t\t\r\n\t\t<div class=\"single-contact-box text-center\">\r\n\t\t\t<div class=\"contact-icon\">\r\n\t\t\t\t\t\t\t\t\t<img decoding=\"async\" src=\"https:\/\/mirausa.net\/\/wp-content\/uploads\/2025\/04\/contact_icon01.png\" alt=\"Contact icon\">\r\n\t\t\t\t\t\t\t\t<i class=\"ifs-icon far fa-check\"><\/i>\r\n\t\t\t<\/div>\r\n\t\t\t<div class=\"contact-info\">\r\n\t\t\t\t<h4 >\r\n\t\t\t\t\tDirecci\u00f3n\t\t\t\t<\/h4>\r\n\t\t\t\t<div class=\"contact-text\" >\r\n\t\t\t\t\t<p>8333 W McNab Rd,<br \/>Suite 210<br \/>Tamarac, Florida 33321<br \/>United States of America<\/p>\t\t\t\t<\/div>\r\n\t\t\t<\/div>\r\n\t\t<\/div>\r\n\r\n\t\t\t\t\t\t<\/div>\n\t\t\t\t<\/div>\n\t\t\t\t\t<\/div>\n\t\t<\/div>\n\t\t\t\t<div class=\"elementor-column elementor-col-33 elementor-inner-column elementor-element elementor-element-6c2972e\" data-id=\"6c2972e\" data-element_type=\"column\" data-e-type=\"column\">\n\t\t\t<div class=\"elementor-widget-wrap elementor-element-populated\">\n\t\t\t\t\t\t<div class=\"elementor-element elementor-element-31f0cb9 elementor-widget elementor-widget-single-contact\" data-id=\"31f0cb9\" data-element_type=\"widget\" data-e-type=\"widget\" data-widget_type=\"single-contact.default\">\n\t\t\t\t<div class=\"elementor-widget-container\">\n\t\t\t\t\t\r\n\t\t<div class=\"single-contact-box text-center\">\r\n\t\t\t<div class=\"contact-icon\">\r\n\t\t\t\t\t\t\t\t\t<img decoding=\"async\" src=\"https:\/\/mirausa.net\/\/wp-content\/uploads\/2025\/04\/contact_icon02.png\" alt=\"Contact icon\">\r\n\t\t\t\t\t\t\t\t<i class=\"ifs-icon far fa-check\"><\/i>\r\n\t\t\t<\/div>\r\n\t\t\t<div class=\"contact-info\">\r\n\t\t\t\t<h4 >\r\n\t\t\t\t\tTel\u00e9fono\t\t\t\t<\/h4>\r\n\t\t\t\t<div class=\"contact-text\" >\r\n\t\t\t\t\t<h4>334 647-2872<\/h4>\t\t\t\t<\/div>\r\n\t\t\t<\/div>\r\n\t\t<\/div>\r\n\r\n\t\t\t\t\t\t<\/div>\n\t\t\t\t<\/div>\n\t\t\t\t\t<\/div>\n\t\t<\/div>\n\t\t\t\t<div class=\"elementor-column elementor-col-33 elementor-inner-column elementor-element elementor-element-c0ded37\" data-id=\"c0ded37\" data-element_type=\"column\" data-e-type=\"column\">\n\t\t\t<div class=\"elementor-widget-wrap elementor-element-populated\">\n\t\t\t\t\t\t<div class=\"elementor-element elementor-element-ac23064 elementor-widget elementor-widget-single-contact\" data-id=\"ac23064\" data-element_type=\"widget\" data-e-type=\"widget\" data-widget_type=\"single-contact.default\">\n\t\t\t\t<div class=\"elementor-widget-container\">\n\t\t\t\t\t\r\n\t\t<div class=\"single-contact-box text-center\">\r\n\t\t\t<div class=\"contact-icon\">\r\n\t\t\t\t\t\t\t\t\t<img decoding=\"async\" src=\"https:\/\/mirausa.net\/\/wp-content\/uploads\/2025\/04\/email-contacto-icono-mira-usa.png\" alt=\"Contact icon\">\r\n\t\t\t\t\t\t\t\t<i class=\"\"><\/i>\r\n\t\t\t<\/div>\r\n\t\t\t<div class=\"contact-info\">\r\n\t\t\t\t<h4 >\r\n\t\t\t\t\tCorreo electr\u00f3nico\t\t\t\t<\/h4>\r\n\t\t\t\t<div class=\"contact-text\" >\r\n\t\t\t\t\t<p>info@mirausa.net<\/p>\t\t\t\t<\/div>\r\n\t\t\t<\/div>\r\n\t\t<\/div>\r\n\r\n\t\t\t\t\t\t<\/div>\n\t\t\t\t<\/div>\n\t\t\t\t\t<\/div>\n\t\t<\/div>\n\t\t\t\t\t<\/div>\n\t\t<\/section>\n\t\t\t\t\t<\/div>\n\t\t<\/div>\n\t\t\t\t\t<\/div>\n\t\t<\/section>\n\t\t<div class=\"elementor-element elementor-element-bb1a1ab e-grid e-con-full e-con e-parent\" data-id=\"bb1a1ab\" data-element_type=\"container\" data-e-type=\"container\">\n\t\t\t\t<div class=\"elementor-element elementor-element-cba900b elementor-widget elementor-widget-image\" data-id=\"cba900b\" data-element_type=\"widget\" data-e-type=\"widget\" data-widget_type=\"image.default\">\n\t\t\t\t<div class=\"elementor-widget-container\">\n\t\t\t\t\t\t\t\t\t\t\t\t\t\t\t\t<a href=\"https:\/\/mirausa.net\/\/wp-content\/uploads\/2025\/05\/Oficina-MIRA-USA-3.jpg\" data-elementor-open-lightbox=\"yes\" data-elementor-lightbox-title=\"Oficina-MIRA-USA---3\" data-e-action-hash=\"#elementor-action%3Aaction%3Dlightbox%26settings%3DeyJpZCI6MjY3MjAsInVybCI6Imh0dHBzOlwvXC9taXJhdXNhLm5ldFwvd3AtY29udGVudFwvdXBsb2Fkc1wvMjAyNVwvMDVcL09maWNpbmEtTUlSQS1VU0EtMy5qcGcifQ%3D%3D\">\n\t\t\t\t\t\t\t<img fetchpriority=\"high\" decoding=\"async\" width=\"1000\" height=\"667\" src=\"https:\/\/mirausa.net\/wp-content\/uploads\/2025\/05\/Oficina-MIRA-USA-3.jpg\" class=\"attachment-large size-large wp-image-26720\" alt=\"\" srcset=\"https:\/\/mirausa.net\/wp-content\/uploads\/2025\/05\/Oficina-MIRA-USA-3.jpg 1000w, https:\/\/mirausa.net\/wp-content\/uploads\/2025\/05\/Oficina-MIRA-USA-3-300x200.jpg 300w, https:\/\/mirausa.net\/wp-content\/uploads\/2025\/05\/Oficina-MIRA-USA-3-768x512.jpg 768w\" sizes=\"(max-width: 1000px) 100vw, 1000px\" \/>\t\t\t\t\t\t\t\t<\/a>\n\t\t\t\t\t\t\t\t\t\t\t\t\t\t\t<\/div>\n\t\t\t\t<\/div>\n\t\t\t\t<div class=\"elementor-element elementor-element-4ee8356 elementor-widget elementor-widget-image\" data-id=\"4ee8356\" data-element_type=\"widget\" data-e-type=\"widget\" data-widget_type=\"image.default\">\n\t\t\t\t<div class=\"elementor-widget-container\">\n\t\t\t\t\t\t\t\t\t\t\t\t\t\t\t\t<a href=\"https:\/\/mirausa.net\/\/wp-content\/uploads\/2025\/05\/Oficina-MIRA-USA-2.jpg\" data-elementor-open-lightbox=\"yes\" data-elementor-lightbox-title=\"Oficina-MIRA-USA---2\" data-e-action-hash=\"#elementor-action%3Aaction%3Dlightbox%26settings%3DeyJpZCI6MjY3MjEsInVybCI6Imh0dHBzOlwvXC9taXJhdXNhLm5ldFwvd3AtY29udGVudFwvdXBsb2Fkc1wvMjAyNVwvMDVcL09maWNpbmEtTUlSQS1VU0EtMi5qcGcifQ%3D%3D\">\n\t\t\t\t\t\t\t<img decoding=\"async\" width=\"1000\" height=\"667\" src=\"https:\/\/mirausa.net\/wp-content\/uploads\/2025\/05\/Oficina-MIRA-USA-2.jpg\" class=\"attachment-large size-large wp-image-26721\" alt=\"\" srcset=\"https:\/\/mirausa.net\/wp-content\/uploads\/2025\/05\/Oficina-MIRA-USA-2.jpg 1000w, https:\/\/mirausa.net\/wp-content\/uploads\/2025\/05\/Oficina-MIRA-USA-2-300x200.jpg 300w, https:\/\/mirausa.net\/wp-content\/uploads\/2025\/05\/Oficina-MIRA-USA-2-768x512.jpg 768w\" sizes=\"(max-width: 1000px) 100vw, 1000px\" \/>\t\t\t\t\t\t\t\t<\/a>\n\t\t\t\t\t\t\t\t\t\t\t\t\t\t\t<\/div>\n\t\t\t\t<\/div>\n\t\t\t\t<div class=\"elementor-element elementor-element-2cb3f72 elementor-widget elementor-widget-image\" data-id=\"2cb3f72\" data-element_type=\"widget\" data-e-type=\"widget\" data-widget_type=\"image.default\">\n\t\t\t\t<div class=\"elementor-widget-container\">\n\t\t\t\t\t\t\t\t\t\t\t\t\t\t\t\t<a href=\"https:\/\/mirausa.net\/\/wp-content\/uploads\/2025\/05\/Oficina-MIRA-USA-1.jpg\" data-elementor-open-lightbox=\"yes\" data-elementor-lightbox-title=\"Oficina-MIRA-USA---1\" data-e-action-hash=\"#elementor-action%3Aaction%3Dlightbox%26settings%3DeyJpZCI6MjY3MjIsInVybCI6Imh0dHBzOlwvXC9taXJhdXNhLm5ldFwvd3AtY29udGVudFwvdXBsb2Fkc1wvMjAyNVwvMDVcL09maWNpbmEtTUlSQS1VU0EtMS5qcGcifQ%3D%3D\">\n\t\t\t\t\t\t\t<img decoding=\"async\" width=\"1000\" height=\"667\" src=\"https:\/\/mirausa.net\/wp-content\/uploads\/2025\/05\/Oficina-MIRA-USA-1.jpg\" class=\"attachment-large size-large wp-image-26722\" alt=\"\" srcset=\"https:\/\/mirausa.net\/wp-content\/uploads\/2025\/05\/Oficina-MIRA-USA-1.jpg 1000w, https:\/\/mirausa.net\/wp-content\/uploads\/2025\/05\/Oficina-MIRA-USA-1-300x200.jpg 300w, https:\/\/mirausa.net\/wp-content\/uploads\/2025\/05\/Oficina-MIRA-USA-1-768x512.jpg 768w\" sizes=\"(max-width: 1000px) 100vw, 1000px\" \/>\t\t\t\t\t\t\t\t<\/a>\n\t\t\t\t\t\t\t\t\t\t\t\t\t\t\t<\/div>\n\t\t\t\t<\/div>\n\t\t\t\t<\/div>\n\t\t<div class=\"elementor-element elementor-element-f22d4f7 e-con-full e-flex e-con e-parent\" data-id=\"f22d4f7\" data-element_type=\"container\" data-e-type=\"container\">\n\t\t\t\t<\/div>\n\t\t<div class=\"elementor-element elementor-element-e3ecc1c e-flex e-con-boxed e-con e-parent\" data-id=\"e3ecc1c\" data-element_type=\"container\" data-e-type=\"container\">\n\t\t\t\t\t<div class=\"e-con-inner\">\n\t\t<div class=\"elementor-element elementor-element-65ef5aa e-con-full e-flex e-con e-child\" data-id=\"65ef5aa\" data-element_type=\"container\" data-e-type=\"container\">\n\t\t\t\t<div class=\"elementor-element elementor-element-e5ed64c elementor-widget elementor-widget-heading\" data-id=\"e5ed64c\" data-element_type=\"widget\" data-e-type=\"widget\" data-widget_type=\"heading.default\">\n\t\t\t\t<div class=\"elementor-widget-container\">\n\t\t\t\t\t<h2 class=\"elementor-heading-title elementor-size-default\">Para consultas sobre donaciones financieras, cont\u00e1ctenos en:<\/h2>\t\t\t\t<\/div>\n\t\t\t\t<\/div>\n\t\t\t\t<div class=\"elementor-element elementor-element-586e234 elementor-widget elementor-widget-heading\" data-id=\"586e234\" data-element_type=\"widget\" data-e-type=\"widget\" data-widget_type=\"heading.default\">\n\t\t\t\t<div class=\"elementor-widget-container\">\n\t\t\t\t\t<h2 class=\"elementor-heading-title elementor-size-default\">fundraising@mirausa.net<\/h2>\t\t\t\t<\/div>\n\t\t\t\t<\/div>\n\t\t\t\t<\/div>\n\t\t\t\t\t<\/div>\n\t\t\t\t<\/div>\n\t\t\t\t<section class=\"elementor-section elementor-top-section elementor-element elementor-element-16f8faa elementor-section-boxed elementor-section-height-default elementor-section-height-default\" data-id=\"16f8faa\" data-element_type=\"section\" data-e-type=\"section\" data-settings=\"{&quot;background_background&quot;:&quot;classic&quot;}\">\n\t\t\t\t\t\t<div class=\"elementor-container elementor-column-gap-default\">\n\t\t\t\t\t<div class=\"elementor-column elementor-col-50 elementor-top-column elementor-element elementor-element-66b18b3\" data-id=\"66b18b3\" data-element_type=\"column\" data-e-type=\"column\">\n\t\t\t<div class=\"elementor-widget-wrap elementor-element-populated\">\n\t\t\t\t\t\t<div class=\"elementor-element elementor-element-45d47a6 elementor-widget elementor-widget-text-editor\" data-id=\"45d47a6\" data-element_type=\"widget\" data-e-type=\"widget\" data-widget_type=\"text-editor.default\">\n\t\t\t\t<div class=\"elementor-widget-container\">\n\t\t\t\t\t\t\t\t\t<p><b>Direcci\u00f3n:<\/b><span style=\"font-weight: 400;\"> 8333 W McNab Road, Suite 210, Tamarac, FL 33321<\/span><\/p>\t\t\t\t\t\t\t\t<\/div>\n\t\t\t\t<\/div>\n\t\t\t\t<div class=\"elementor-element elementor-element-de3caa0 elementor-widget elementor-widget-google_maps\" data-id=\"de3caa0\" data-element_type=\"widget\" data-e-type=\"widget\" data-widget_type=\"google_maps.default\">\n\t\t\t\t<div class=\"elementor-widget-container\">\n\t\t\t\t\t\t\t<div class=\"elementor-custom-embed\">\n\t\t\t<iframe loading=\"lazy\"\n\t\t\t\t\tsrc=\"https:\/\/maps.google.com\/maps?q=8333%20W%20McNab%20Rd%2C%20Suite%20210%20Tamarac%2C%20Florida%2033321&#038;t=m&#038;z=15&#038;output=embed&#038;iwloc=near\"\n\t\t\t\t\ttitle=\"8333 W McNab Rd, Suite 210 Tamarac, Florida 33321\"\n\t\t\t\t\taria-label=\"8333 W McNab Rd, Suite 210 Tamarac, Florida 33321\"\n\t\t\t><\/iframe>\n\t\t<\/div>\n\t\t\t\t\t\t<\/div>\n\t\t\t\t<\/div>\n\t\t\t\t\t<\/div>\n\t\t<\/div>\n\t\t\t\t<div class=\"elementor-column elementor-col-50 elementor-top-column elementor-element elementor-element-2b0e9c1\" data-id=\"2b0e9c1\" data-element_type=\"column\" data-e-type=\"column\">\n\t\t\t<div class=\"elementor-widget-wrap elementor-element-populated\">\n\t\t\t\t\t\t<div class=\"elementor-element elementor-element-b27e30a elementor-widget elementor-widget-heading\" data-id=\"b27e30a\" data-element_type=\"widget\" data-e-type=\"widget\" data-widget_type=\"heading.default\">\n\t\t\t\t<div class=\"elementor-widget-container\">\n\t\t\t\t\t<h2 class=\"elementor-heading-title elementor-size-default\">\u00bfC\u00f3mo llegar?<\/h2>\t\t\t\t<\/div>\n\t\t\t\t<\/div>\n\t\t\t\t<div class=\"elementor-element elementor-element-665b44a elementor-widget elementor-widget-text-editor\" data-id=\"665b44a\" data-element_type=\"widget\" data-e-type=\"widget\" data-widget_type=\"text-editor.default\">\n\t\t\t\t<div class=\"elementor-widget-container\">\n\t\t\t\t\t\t\t\t\t<p><b>Desde el Norte (Ej.: West Palm Beach)<\/b><b><br \/><\/b><span style=\"font-weight: 400;\"> Tome la I-95 Sur en direcci\u00f3n a Fort Lauderdale. Salga en la <\/span><b>33B<\/b><span style=\"font-weight: 400;\"> hacia <\/span><b>Cypress Creek Road West<\/b><span style=\"font-weight: 400;\">. Incorp\u00f3rese a <\/span><b>West Cypress Creek Road<\/b><span style=\"font-weight: 400;\"> y contin\u00fae hacia el oeste. Gire a la <\/span><b>derecha en North Pine Island Road<\/b><span style=\"font-weight: 400;\"> y luego a la <\/span><b>izquierda en West McNab Road<\/b><span style=\"font-weight: 400;\">. Nuestra oficina estar\u00e1 a su <\/span><b>derecha<\/b><span style=\"font-weight: 400;\">.<\/span><\/p>\t\t\t\t\t\t\t\t<\/div>\n\t\t\t\t<\/div>\n\t\t\t\t<div class=\"elementor-element elementor-element-a404a18 elementor-widget elementor-widget-text-editor\" data-id=\"a404a18\" data-element_type=\"widget\" data-e-type=\"widget\" data-widget_type=\"text-editor.default\">\n\t\t\t\t<div class=\"elementor-widget-container\">\n\t\t\t\t\t\t\t\t\t<p><b>Desde el Sur (Ej.: Miami)<\/b><b><br \/><\/b><span style=\"font-weight: 400;\"> Tome la I-95 Norte en direcci\u00f3n a Fort Lauderdale. Salga en la <\/span><b>33B<\/b><span style=\"font-weight: 400;\"> hacia <\/span><b>Cypress Creek Road West<\/b><span style=\"font-weight: 400;\">. Incorp\u00f3rese a <\/span><b>West Cypress Creek Road<\/b><span style=\"font-weight: 400;\"> y siga hacia el oeste. Gire a la <\/span><b>derecha en North Pine Island Road<\/b><span style=\"font-weight: 400;\"> y luego a la <\/span><b>izquierda en West McNab Road<\/b><span style=\"font-weight: 400;\">. Nuestra oficina estar\u00e1 a su <\/span><b>derecha<\/b><span style=\"font-weight: 400;\">.<\/span><\/p>\t\t\t\t\t\t\t\t<\/div>\n\t\t\t\t<\/div>\n\t\t\t\t<div class=\"elementor-element elementor-element-9976e92 elementor-widget elementor-widget-text-editor\" data-id=\"9976e92\" data-element_type=\"widget\" data-e-type=\"widget\" data-widget_type=\"text-editor.default\">\n\t\t\t\t<div class=\"elementor-widget-container\">\n\t\t\t\t\t\t\t\t\t<p><b>Desde el Oeste (Ej.: Naples)<\/b><b><br \/><\/b><span style=\"font-weight: 400;\"> Tome la I-75 Este en direcci\u00f3n a Fort Lauderdale. Incorp\u00f3rese a la <\/span><b>I-595 Este<\/b><span style=\"font-weight: 400;\"> y tome la salida <\/span><b>4<\/b><span style=\"font-weight: 400;\"> hacia <\/span><b>Pine Island Road<\/b><span style=\"font-weight: 400;\">. Gire a la <\/span><b>izquierda en North Pine Island Road<\/b><span style=\"font-weight: 400;\"> y luego a la <\/span><b>derecha en West McNab Road<\/b><span style=\"font-weight: 400;\">. Nuestra oficina estar\u00e1 a su <\/span><b>derecha<\/b><span style=\"font-weight: 400;\">.<\/span><\/p>\t\t\t\t\t\t\t\t<\/div>\n\t\t\t\t<\/div>\n\t\t\t\t\t<\/div>\n\t\t<\/div>\n\t\t\t\t\t<\/div>\n\t\t<\/section>\n\t\t\t\t<section class=\"elementor-section elementor-top-section elementor-element elementor-element-5b3d9ac elementor-section-boxed elementor-section-height-default elementor-section-height-default\" data-id=\"5b3d9ac\" data-element_type=\"section\" data-e-type=\"section\">\n\t\t\t\t\t\t<div class=\"elementor-container elementor-column-gap-default\">\n\t\t\t\t\t<div class=\"elementor-column elementor-col-100 elementor-top-column elementor-element elementor-element-a85e072\" data-id=\"a85e072\" data-element_type=\"column\" data-e-type=\"column\">\n\t\t\t<div class=\"elementor-widget-wrap elementor-element-populated\">\n\t\t\t\t\t\t<div class=\"elementor-element elementor-element-21a03fa elementor-widget elementor-widget-section-head\" data-id=\"21a03fa\" data-element_type=\"widget\" data-e-type=\"widget\" data-widget_type=\"section-head.default\">\n\t\t\t\t<div class=\"elementor-widget-container\">\n\t\t\t\t\t\t\t\t<div class=\"section-title text-center\">\r\n\t\t\t\t\t\t        <span >Valoramos sus consultas y comentarios<\/span>\r\n\t\t        \t\t        <h2 >D\u00e9jenos un mensaje<\/h2>\r\n\t\t        \t\t\t<\/div>\r\n\t\t\t\t\t\t\t<\/div>\n\t\t\t\t<\/div>\n\t\t\t\t<div class=\"elementor-element elementor-element-3c2ab85 elementor-widget elementor-widget-shortcode\" data-id=\"3c2ab85\" data-element_type=\"widget\" data-e-type=\"widget\" data-widget_type=\"shortcode.default\">\n\t\t\t\t<div class=\"elementor-widget-container\">\n\t\t\t\t\t\t\t<div class=\"elementor-shortcode\">\n<div class=\"wpcf7 no-js\" id=\"wpcf7-f1310-o1\" lang=\"en-US\" dir=\"ltr\" data-wpcf7-id=\"1310\">\n<div class=\"screen-reader-response\"><p role=\"status\" aria-live=\"polite\" aria-atomic=\"true\"><\/p> <ul><\/ul><\/div>\n<form action=\"\/index.php?rest_route=%2Fwp%2Fv2%2Fpages%2F1160#wpcf7-f1310-o1\" method=\"post\" class=\"wpcf7-form init\" aria-label=\"Contact form\" novalidate=\"novalidate\" data-status=\"init\">\n<fieldset class=\"hidden-fields-container\"><input type=\"hidden\" name=\"_wpcf7\" value=\"1310\" \/><input type=\"hidden\" name=\"_wpcf7_version\" value=\"6.1.5\" \/><input type=\"hidden\" name=\"_wpcf7_locale\" value=\"en_US\" \/><input type=\"hidden\" name=\"_wpcf7_unit_tag\" value=\"wpcf7-f1310-o1\" \/><input type=\"hidden\" name=\"_wpcf7_container_post\" value=\"0\" \/><input type=\"hidden\" name=\"_wpcf7_posted_data_hash\" value=\"\" \/>\n<\/fieldset>\n<div class=\"contact-form-wrap\">\n\t<div class=\"row\">\n\t\t<div class=\"col-md-6\">\n\t\t\t<p><span class=\"wpcf7-form-control-wrap\" data-name=\"your-name\"><input size=\"40\" maxlength=\"400\" class=\"wpcf7-form-control wpcf7-text wpcf7-validates-as-required\" aria-required=\"true\" aria-invalid=\"false\" placeholder=\"nombre completo\" value=\"\" type=\"text\" name=\"your-name\" \/><\/span>\n\t\t\t<\/p>\n\t\t<\/div>\n\t\t<div class=\"col-md-6\">\n\t\t\t<p><span class=\"wpcf7-form-control-wrap\" data-name=\"your-email\"><input size=\"40\" maxlength=\"400\" class=\"wpcf7-form-control wpcf7-email wpcf7-validates-as-required wpcf7-text wpcf7-validates-as-email\" aria-required=\"true\" aria-invalid=\"false\" placeholder=\"Email\" value=\"\" type=\"email\" name=\"your-email\" \/><\/span>\n\t\t\t<\/p>\n\t\t<\/div>\n\t\t<div class=\"col-md-12\">\n\t\t\t<p><span class=\"wpcf7-form-control-wrap\" data-name=\"your-subject\"><input size=\"40\" maxlength=\"400\" class=\"wpcf7-form-control wpcf7-text\" aria-invalid=\"false\" placeholder=\"Asunto\" value=\"\" type=\"text\" name=\"your-subject\" \/><\/span>\n\t\t\t<\/p>\n\t\t<\/div>\n\t\t<div class=\"col-md-12\">\n\t\t\t<p><span class=\"wpcf7-form-control-wrap\" data-name=\"your-message\"><textarea cols=\"40\" rows=\"10\" maxlength=\"2000\" class=\"wpcf7-form-control wpcf7-textarea\" aria-invalid=\"false\" placeholder=\"Mensaje\" name=\"your-message\"><\/textarea><\/span>\n\t\t\t<\/p>\n\t\t<\/div>\n\t\t<div class=\"col-md-12\">\n\t\t\t<p><button class=\"btn\">Submit Now<\/button>\n\t\t\t<\/p>\n\t\t<\/div>\n\t<\/div>\n<\/div><div class=\"wpcf7-response-output\" aria-hidden=\"true\"><\/div>\n<\/form>\n<\/div>\n<\/div>\n\t\t\t\t\t\t<\/div>\n\t\t\t\t<\/div>\n\t\t\t\t\t<\/div>\n\t\t<\/div>\n\t\t\t\t\t<\/div>\n\t\t<\/section>\n\t\t\t\t<\/div>\n\t\t","protected":false},"excerpt":{"rendered":"<p>Cont\u00e1ctenos Direcci\u00f3n 8333 W McNab Rd,Suite 210Tamarac, Florida 33321United States of America Tel\u00e9fono 334 647-2872 Correo electr\u00f3nico info@mirausa.net Para consultas sobre donaciones financieras, cont\u00e1ctenos en: fundraising@mirausa.net Direcci\u00f3n: 8333 W McNab [&hellip;]<\/p>\n","protected":false},"author":1,"featured_media":0,"parent":0,"menu_order":0,"comment_status":"closed","ping_status":"closed","template":"elementor_header_footer","meta":{"_acf_changed":false,"footnotes":""},"class_list":["post-1160","page","type-page","status-publish","hentry"],"acf":[],"_links":{"self":[{"href":"https:\/\/mirausa.net\/index.php?rest_route=\/wp\/v2\/pages\/1160","targetHints":{"allow":["GET"]}}],"collection":[{"href":"https:\/\/mirausa.net\/index.php?rest_route=\/wp\/v2\/pages"}],"about":[{"href":"https:\/\/mirausa.net\/index.php?rest_route=\/wp\/v2\/types\/page"}],"author":[{"embeddable":true,"href":"https:\/\/mirausa.net\/index.php?rest_route=\/wp\/v2\/users\/1"}],"replies":[{"embeddable":true,"href":"https:\/\/mirausa.net\/index.php?rest_route=%2Fwp%2Fv2%2Fcomments&post=1160"}],"version-history":[{"count":68,"href":"https:\/\/mirausa.net\/index.php?rest_route=\/wp\/v2\/pages\/1160\/revisions"}],"predecessor-version":[{"id":27521,"href":"https:\/\/mirausa.net\/index.php?rest_route=\/wp\/v2\/pages\/1160\/revisions\/27521"}],"wp:attachment":[{"href":"https:\/\/mirausa.net\/index.php?rest_route=%2Fwp%2Fv2%2Fmedia&parent=1160"}],"curies":[{"name":"wp","href":"https:\/\/api.w.org\/{rel}","templated":true}]}}