{"id":25158,"date":"2025-03-24T13:58:47","date_gmt":"2025-03-24T18:58:47","guid":{"rendered":"https:\/\/mirausa.net\/2025-2\/?page_id=25158"},"modified":"2026-01-13T14:06:52","modified_gmt":"2026-01-13T19:06:52","slug":"programa-de-educacion-financiera-y-desarrollo-personal","status":"publish","type":"page","link":"https:\/\/mirausa.net\/?page_id=25158","title":{"rendered":"Programa de Educaci\u00f3n Financiera y Desarrollo Personal"},"content":{"rendered":"\t\t<div data-elementor-type=\"wp-page\" data-elementor-id=\"25158\" class=\"elementor elementor-25158\">\n\t\t\t\t<div class=\"elementor-element elementor-element-ceb4bdd e-flex e-con-boxed e-con e-parent\" data-id=\"ceb4bdd\" data-element_type=\"container\" data-e-type=\"container\" data-settings=\"{&quot;background_background&quot;:&quot;gradient&quot;}\">\n\t\t\t\t\t<div class=\"e-con-inner\">\n\t\t\t\t<div class=\"elementor-element elementor-element-4c6b4fb elementor-widget elementor-widget-heading\" data-id=\"4c6b4fb\" data-element_type=\"widget\" data-e-type=\"widget\" data-widget_type=\"heading.default\">\n\t\t\t\t<div class=\"elementor-widget-container\">\n\t\t\t\t\t<h2 class=\"elementor-heading-title elementor-size-default\">Programa de Educaci\u00f3n Financiera<\/h2>\t\t\t\t<\/div>\n\t\t\t\t<\/div>\n\t\t\t\t\t<\/div>\n\t\t\t\t<\/div>\n\t\t<div class=\"elementor-element elementor-element-464aebd e-flex e-con-boxed e-con e-parent\" data-id=\"464aebd\" data-element_type=\"container\" data-e-type=\"container\" data-settings=\"{&quot;background_background&quot;:&quot;classic&quot;}\">\n\t\t\t\t\t<div class=\"e-con-inner\">\n\t\t<div class=\"elementor-element elementor-element-080a035 e-con-full e-flex e-con e-child\" data-id=\"080a035\" data-element_type=\"container\" data-e-type=\"container\" data-settings=\"{&quot;background_background&quot;:&quot;classic&quot;}\">\n\t\t\t\t<div class=\"elementor-element elementor-element-15eeecb elementor-widget elementor-widget-image\" data-id=\"15eeecb\" data-element_type=\"widget\" data-e-type=\"widget\" data-widget_type=\"image.default\">\n\t\t\t\t<div class=\"elementor-widget-container\">\n\t\t\t\t\t\t\t\t\t\t\t\t\t\t\t<img fetchpriority=\"high\" decoding=\"async\" width=\"1024\" height=\"400\" src=\"https:\/\/mirausa.net\/wp-content\/uploads\/2025\/03\/d951aed5-29b7-4f3b-85fb-00a17b3e579b_03-1024x400.jpg\" class=\"attachment-large size-large wp-image-25177\" alt=\"\" srcset=\"https:\/\/mirausa.net\/wp-content\/uploads\/2025\/03\/d951aed5-29b7-4f3b-85fb-00a17b3e579b_03-1024x400.jpg 1024w, https:\/\/mirausa.net\/wp-content\/uploads\/2025\/03\/d951aed5-29b7-4f3b-85fb-00a17b3e579b_03-300x117.jpg 300w, https:\/\/mirausa.net\/wp-content\/uploads\/2025\/03\/d951aed5-29b7-4f3b-85fb-00a17b3e579b_03-768x300.jpg 768w, https:\/\/mirausa.net\/wp-content\/uploads\/2025\/03\/d951aed5-29b7-4f3b-85fb-00a17b3e579b_03-1536x600.jpg 1536w, https:\/\/mirausa.net\/wp-content\/uploads\/2025\/03\/d951aed5-29b7-4f3b-85fb-00a17b3e579b_03-2048x800.jpg 2048w\" sizes=\"(max-width: 1024px) 100vw, 1024px\" \/>\t\t\t\t\t\t\t\t\t\t\t\t\t\t\t<\/div>\n\t\t\t\t<\/div>\n\t\t<div class=\"elementor-element elementor-element-34757a7 e-grid e-con-full e-con e-child\" data-id=\"34757a7\" data-element_type=\"container\" data-e-type=\"container\">\n\t\t\t\t<div class=\"elementor-element elementor-element-0f0a63b elementor-widget elementor-widget-image\" data-id=\"0f0a63b\" data-element_type=\"widget\" data-e-type=\"widget\" data-widget_type=\"image.default\">\n\t\t\t\t<div class=\"elementor-widget-container\">\n\t\t\t\t\t\t\t\t\t\t\t\t\t\t\t<img decoding=\"async\" width=\"1024\" height=\"1002\" src=\"https:\/\/mirausa.net\/wp-content\/uploads\/2025\/04\/educacion-financiera-1024x1002.jpg\" class=\"attachment-large size-large wp-image-26140\" alt=\"\" srcset=\"https:\/\/mirausa.net\/wp-content\/uploads\/2025\/04\/educacion-financiera-1024x1002.jpg 1024w, https:\/\/mirausa.net\/wp-content\/uploads\/2025\/04\/educacion-financiera-300x294.jpg 300w, https:\/\/mirausa.net\/wp-content\/uploads\/2025\/04\/educacion-financiera-768x752.jpg 768w, https:\/\/mirausa.net\/wp-content\/uploads\/2025\/04\/educacion-financiera.jpg 1316w\" sizes=\"(max-width: 1024px) 100vw, 1024px\" \/>\t\t\t\t\t\t\t\t\t\t\t\t\t\t\t<\/div>\n\t\t\t\t<\/div>\n\t\t\t\t<div class=\"elementor-element elementor-element-a8910ca elementor-widget elementor-widget-image\" data-id=\"a8910ca\" data-element_type=\"widget\" data-e-type=\"widget\" data-widget_type=\"image.default\">\n\t\t\t\t<div class=\"elementor-widget-container\">\n\t\t\t\t\t\t\t\t\t\t\t\t\t\t\t<img decoding=\"async\" width=\"1024\" height=\"1002\" src=\"https:\/\/mirausa.net\/wp-content\/uploads\/2025\/03\/d951aed5-29b7-4f3b-85fb-00a17b3e579b_08-1024x1002.jpg\" class=\"attachment-large size-large wp-image-25185\" alt=\"\" srcset=\"https:\/\/mirausa.net\/wp-content\/uploads\/2025\/03\/d951aed5-29b7-4f3b-85fb-00a17b3e579b_08-1024x1002.jpg 1024w, https:\/\/mirausa.net\/wp-content\/uploads\/2025\/03\/d951aed5-29b7-4f3b-85fb-00a17b3e579b_08-300x294.jpg 300w, https:\/\/mirausa.net\/wp-content\/uploads\/2025\/03\/d951aed5-29b7-4f3b-85fb-00a17b3e579b_08-768x752.jpg 768w, https:\/\/mirausa.net\/wp-content\/uploads\/2025\/03\/d951aed5-29b7-4f3b-85fb-00a17b3e579b_08.jpg 1316w\" sizes=\"(max-width: 1024px) 100vw, 1024px\" \/>\t\t\t\t\t\t\t\t\t\t\t\t\t\t\t<\/div>\n\t\t\t\t<\/div>\n\t\t\t\t<\/div>\n\t\t\t\t<div class=\"elementor-element elementor-element-5a48357 elementor-widget elementor-widget-text-editor\" data-id=\"5a48357\" data-element_type=\"widget\" data-e-type=\"widget\" data-widget_type=\"text-editor.default\">\n\t\t\t\t<div class=\"elementor-widget-container\">\n\t\t\t\t\t\t\t\t\t<p style=\"text-align: center;\"><span style=\"font-weight: 400;\">Nuestro Programa de Educaci\u00f3n Financiera tiene como objetivo promover la estabilidad econ\u00f3mica y la movilidad financiera de los inmigrantes en los Estados Unidos. Cuanto mayor sea el conocimiento sobre cr\u00e9dito y servicios bancarios, mejores ser\u00e1n las decisiones que las personas tomen en relaci\u00f3n con sus finanzas, el ahorro y su bienestar financiero. A trav\u00e9s de este programa, buscamos fortalecer la educaci\u00f3n financiera, fomentar la confianza en la gesti\u00f3n del dinero y facilitar el acceso y uso efectivo de los servicios bancarios.<\/span><\/p>\t\t\t\t\t\t\t\t<\/div>\n\t\t\t\t<\/div>\n\t\t\t\t<\/div>\n\t\t\t\t\t<\/div>\n\t\t\t\t<\/div>\n\t\t<div class=\"elementor-element elementor-element-7d5ee14 e-flex e-con-boxed e-con e-parent\" data-id=\"7d5ee14\" data-element_type=\"container\" data-e-type=\"container\">\n\t\t\t\t\t<div class=\"e-con-inner\">\n\t\t<div class=\"elementor-element elementor-element-86480a5 e-con-full e-flex e-con e-child\" data-id=\"86480a5\" data-element_type=\"container\" data-e-type=\"container\" data-settings=\"{&quot;background_background&quot;:&quot;classic&quot;}\">\n\t\t\t\t<div class=\"elementor-element elementor-element-c271eb7 elementor-widget elementor-widget-heading\" data-id=\"c271eb7\" data-element_type=\"widget\" data-e-type=\"widget\" data-widget_type=\"heading.default\">\n\t\t\t\t<div class=\"elementor-widget-container\">\n\t\t\t\t\t<h2 class=\"elementor-heading-title elementor-size-default\">En 2023, MIRA USA se convirti\u00f3 en aliada de la Corporaci\u00f3n Federal de Seguro de Dep\u00f3sitos (FDIC) en el programa Juntos Money Smart.<\/h2>\t\t\t\t<\/div>\n\t\t\t\t<\/div>\n\t\t\t\t<div class=\"elementor-element elementor-element-97bbf27 elementor-widget elementor-widget-text-editor\" data-id=\"97bbf27\" data-element_type=\"widget\" data-e-type=\"widget\" data-widget_type=\"text-editor.default\">\n\t\t\t\t<div class=\"elementor-widget-container\">\n\t\t\t\t\t\t\t\t\t<p><img loading=\"lazy\" decoding=\"async\" class=\"size-full wp-image-3167 alignleft\" src=\"https:\/\/mirausa.net\/\/wp-content\/uploads\/2025\/02\/money-smart-mira-usa.jpg\" alt=\"\" width=\"200\" height=\"200\" srcset=\"https:\/\/mirausa.net\/wp-content\/uploads\/2025\/02\/money-smart-mira-usa.jpg 200w, https:\/\/mirausa.net\/wp-content\/uploads\/2025\/02\/money-smart-mira-usa-150x150.jpg 150w, https:\/\/mirausa.net\/wp-content\/uploads\/2025\/02\/money-smart-mira-usa-80x80.jpg 80w, https:\/\/mirausa.net\/wp-content\/uploads\/2025\/02\/money-smart-mira-usa-100x100.jpg 100w\" sizes=\"(max-width: 200px) 100vw, 200px\" \/><span style=\"font-weight: 400;\">El programa Juntos Money Smart es una iniciativa de educaci\u00f3n financiera de la Corporaci\u00f3n Federal de Seguro de Dep\u00f3sitos (FDIC), dise\u00f1ada espec\u00edficamente para personas hispanohablantes. Su objetivo es ayudar a los participantes a comprender conceptos clave como el sistema bancario, el cr\u00e9dito, el ahorro y la gesti\u00f3n responsable del dinero.<\/span><\/p><p><span style=\"font-weight: 400;\">Como aliado de la FDIC, MIRA USA ofrece talleres, sesiones de capacitaci\u00f3n y recursos educativos para empoderar a la comunidad con conocimientos financieros, promoviendo as\u00ed su estabilidad y movilidad econ\u00f3mica.<\/span><\/p>\t\t\t\t\t\t\t\t<\/div>\n\t\t\t\t<\/div>\n\t\t\t\t<div class=\"elementor-element elementor-element-77b5451 elementor-widget elementor-widget-chariton-button\" data-id=\"77b5451\" data-element_type=\"widget\" data-e-type=\"widget\" data-widget_type=\"chariton-button.default\">\n\t\t\t\t<div class=\"elementor-widget-container\">\n\t\t\t\t\t<a href=\"https:\/\/www.fdic.gov\/consumer-resource-center\/2024-10\/october-2024-money-smart-newsletter#success\" target=\"_blank\" rel=\"nofollow\" class=\"chariton-btn btn\"><i class=\"ifs-icon fas fa-info-circle\"><\/i> Para m\u00e1s informaci\u00f3n, haga clic aqu\u00ed.<\/a>\t\t\t\t<\/div>\n\t\t\t\t<\/div>\n\t\t\t\t<\/div>\n\t\t\t\t\t<\/div>\n\t\t\t\t<\/div>\n\t\t<div class=\"elementor-element elementor-element-6146b9d e-flex e-con-boxed e-con e-parent\" data-id=\"6146b9d\" data-element_type=\"container\" data-e-type=\"container\">\n\t\t\t\t\t<div class=\"e-con-inner\">\n\t\t\t\t<div class=\"elementor-element elementor-element-8072ea7 elementor-widget elementor-widget-section-head\" data-id=\"8072ea7\" data-element_type=\"widget\" data-e-type=\"widget\" data-widget_type=\"section-head.default\">\n\t\t\t\t<div class=\"elementor-widget-container\">\n\t\t\t\t\t\t        <div class=\"section-title t-section-title t-features-title text-center \" style=\"background-image: url();\">\r\n\t            \t\t        <h2 class=\"wow fadeInUp\" data-wow-delay=\"0.2s\">Datos del programa<\/h2>\r\n\t\t        \t        <\/div>\r\n\r\n\t    \t\t\t\t\t<\/div>\n\t\t\t\t<\/div>\n\t\t\t\t\t<\/div>\n\t\t\t\t<\/div>\n\t\t<div class=\"elementor-element elementor-element-d02a3de e-flex e-con-boxed e-con e-parent\" data-id=\"d02a3de\" data-element_type=\"container\" data-e-type=\"container\" data-settings=\"{&quot;background_background&quot;:&quot;classic&quot;}\">\n\t\t\t\t\t<div class=\"e-con-inner\">\n\t\t<div class=\"elementor-element elementor-element-dfa8964 e-grid e-con-full e-con e-child\" data-id=\"dfa8964\" data-element_type=\"container\" data-e-type=\"container\">\n\t\t\t\t<div class=\"elementor-element elementor-element-77d7430 elementor-widget elementor-widget-counter\" data-id=\"77d7430\" data-element_type=\"widget\" data-e-type=\"widget\" data-widget_type=\"counter.default\">\n\t\t\t\t<div class=\"elementor-widget-container\">\n\t\t\t\t\t\t\t<div class=\"elementor-counter\">\n\t\t\t<div class=\"elementor-counter-title\">Talleres realizados<\/div>\t\t\t<div class=\"elementor-counter-number-wrapper\">\n\t\t\t\t<span class=\"elementor-counter-number-prefix\">+<\/span>\n\t\t\t\t<span class=\"elementor-counter-number\" data-duration=\"2000\" data-to-value=\"200\" data-from-value=\"8\" data-delimiter=\",\">8<\/span>\n\t\t\t\t<span class=\"elementor-counter-number-suffix\"><\/span>\n\t\t\t<\/div>\n\t\t<\/div>\n\t\t\t\t\t\t<\/div>\n\t\t\t\t<\/div>\n\t\t\t\t<div class=\"elementor-element elementor-element-1c654b6 elementor-widget elementor-widget-counter\" data-id=\"1c654b6\" data-element_type=\"widget\" data-e-type=\"widget\" data-widget_type=\"counter.default\">\n\t\t\t\t<div class=\"elementor-widget-container\">\n\t\t\t\t\t\t\t<div class=\"elementor-counter\">\n\t\t\t<div class=\"elementor-counter-title\">Personas beneficiadas<\/div>\t\t\t<div class=\"elementor-counter-number-wrapper\">\n\t\t\t\t<span class=\"elementor-counter-number-prefix\"><\/span>\n\t\t\t\t<span class=\"elementor-counter-number\" data-duration=\"2000\" data-to-value=\"12415\" data-from-value=\"8\" data-delimiter=\",\">8<\/span>\n\t\t\t\t<span class=\"elementor-counter-number-suffix\"><\/span>\n\t\t\t<\/div>\n\t\t<\/div>\n\t\t\t\t\t\t<\/div>\n\t\t\t\t<\/div>\n\t\t\t\t<div class=\"elementor-element elementor-element-431c4c5 elementor-widget elementor-widget-counter\" data-id=\"431c4c5\" data-element_type=\"widget\" data-e-type=\"widget\" data-widget_type=\"counter.default\">\n\t\t\t\t<div class=\"elementor-widget-container\">\n\t\t\t\t\t\t\t<div class=\"elementor-counter\">\n\t\t\t<div class=\"elementor-counter-title\">voluntarios capacitados por el FDIC.<\/div>\t\t\t<div class=\"elementor-counter-number-wrapper\">\n\t\t\t\t<span class=\"elementor-counter-number-prefix\"><\/span>\n\t\t\t\t<span class=\"elementor-counter-number\" data-duration=\"2000\" data-to-value=\"140\" data-from-value=\"8\" data-delimiter=\",\">8<\/span>\n\t\t\t\t<span class=\"elementor-counter-number-suffix\"><\/span>\n\t\t\t<\/div>\n\t\t<\/div>\n\t\t\t\t\t\t<\/div>\n\t\t\t\t<\/div>\n\t\t\t\t<\/div>\n\t\t\t\t\t<\/div>\n\t\t\t\t<\/div>\n\t\t<div class=\"elementor-element elementor-element-324a854 e-flex e-con-boxed e-con e-parent\" data-id=\"324a854\" data-element_type=\"container\" data-e-type=\"container\">\n\t\t\t\t\t<div class=\"e-con-inner\">\n\t\t\t\t<div class=\"elementor-element elementor-element-182ff42 elementor-widget elementor-widget-image\" data-id=\"182ff42\" data-element_type=\"widget\" data-e-type=\"widget\" data-widget_type=\"image.default\">\n\t\t\t\t<div class=\"elementor-widget-container\">\n\t\t\t\t\t\t\t\t\t\t\t\t\t\t\t<img loading=\"lazy\" decoding=\"async\" width=\"1024\" height=\"575\" src=\"https:\/\/mirausa.net\/wp-content\/uploads\/2025\/03\/Programa-de-Educacion-Financiera-y-Desarrollo-Personal\u200b-MIRA-USA-1024x575.jpg\" class=\"attachment-large size-large wp-image-25200\" alt=\"\" srcset=\"https:\/\/mirausa.net\/wp-content\/uploads\/2025\/03\/Programa-de-Educacion-Financiera-y-Desarrollo-Personal\u200b-MIRA-USA-1024x575.jpg 1024w, https:\/\/mirausa.net\/wp-content\/uploads\/2025\/03\/Programa-de-Educacion-Financiera-y-Desarrollo-Personal\u200b-MIRA-USA-300x169.jpg 300w, https:\/\/mirausa.net\/wp-content\/uploads\/2025\/03\/Programa-de-Educacion-Financiera-y-Desarrollo-Personal\u200b-MIRA-USA-768x431.jpg 768w, https:\/\/mirausa.net\/wp-content\/uploads\/2025\/03\/Programa-de-Educacion-Financiera-y-Desarrollo-Personal\u200b-MIRA-USA.jpg 1100w\" sizes=\"(max-width: 1024px) 100vw, 1024px\" \/>\t\t\t\t\t\t\t\t\t\t\t\t\t\t\t<\/div>\n\t\t\t\t<\/div>\n\t\t\t\t\t<\/div>\n\t\t\t\t<\/div>\n\t\t\t\t<section class=\"elementor-section elementor-top-section elementor-element elementor-element-22263a3 elementor-section-boxed elementor-section-height-default elementor-section-height-default\" data-id=\"22263a3\" data-element_type=\"section\" data-e-type=\"section\" data-settings=\"{&quot;background_background&quot;:&quot;classic&quot;}\">\n\t\t\t\t\t\t<div class=\"elementor-container elementor-column-gap-default\">\n\t\t\t\t\t<div class=\"elementor-column elementor-col-100 elementor-top-column elementor-element elementor-element-0bc9894\" data-id=\"0bc9894\" data-element_type=\"column\" data-e-type=\"column\">\n\t\t\t<div class=\"elementor-widget-wrap elementor-element-populated\">\n\t\t\t\t\t\t<div class=\"elementor-element elementor-element-1e98e86 elementor-widget elementor-widget-section-head\" data-id=\"1e98e86\" data-element_type=\"widget\" data-e-type=\"widget\" data-widget_type=\"section-head.default\">\n\t\t\t\t<div class=\"elementor-widget-container\">\n\t\t\t\t\t\t        <div class=\"section-title t-section-title t-features-title text-center \" style=\"background-image: url();\">\r\n\t            \t\t        <h2 class=\"wow fadeInUp\" data-wow-delay=\"0.2s\">Algunos de nuestros talleres incluyen:<\/h2>\r\n\t\t        \t        <\/div>\r\n\r\n\t    \t\t\t\t\t<\/div>\n\t\t\t\t<\/div>\n\t\t\t\t<section class=\"elementor-section elementor-inner-section elementor-element elementor-element-7b1f1cd elementor-section-boxed elementor-section-height-default elementor-section-height-default\" data-id=\"7b1f1cd\" data-element_type=\"section\" data-e-type=\"section\">\n\t\t\t\t\t\t<div class=\"elementor-container elementor-column-gap-default\">\n\t\t\t\t\t<div class=\"elementor-column elementor-col-50 elementor-inner-column elementor-element elementor-element-28ed469\" data-id=\"28ed469\" data-element_type=\"column\" data-e-type=\"column\">\n\t\t\t<div class=\"elementor-widget-wrap elementor-element-populated\">\n\t\t\t\t\t\t<div class=\"elementor-element elementor-element-a3f5fa2 elementor-widget elementor-widget-section-head\" data-id=\"a3f5fa2\" data-element_type=\"widget\" data-e-type=\"widget\" data-widget_type=\"section-head.default\">\n\t\t\t\t<div class=\"elementor-widget-container\">\n\t\t\t\t\t\t\t\t<div class=\"section-title text-left\">\r\n\t\t\t\t\t\t        <span class=\"wow fadeInUp\" data-wow-delay=\"0.2s\">Personas<\/span>\r\n\t\t        \t\t        <h2 class=\"wow fadeInUp\" data-wow-delay=\"0.2s\">Finanzas Personales<\/h2>\r\n\t\t        \t\t\t<\/div>\r\n\t\t\t\t\t\t\t<\/div>\n\t\t\t\t<\/div>\n\t\t\t\t<div class=\"elementor-element elementor-element-13910e5 elementor-widget elementor-widget-text-editor\" data-id=\"13910e5\" data-element_type=\"widget\" data-e-type=\"widget\" data-widget_type=\"text-editor.default\">\n\t\t\t\t<div class=\"elementor-widget-container\">\n\t\t\t\t\t\t\t\t\t<p><span style=\"font-weight: 400;\">Nuestros talleres de finanzas personales buscan ayudar a las personas de la comunidad sin experiencia o con poca experiencia bancaria, a aprender los conceptos b\u00e1sicos de c\u00f3mo administrar su dinero y sus finanzas personales.<\/span><\/p>\t\t\t\t\t\t\t\t<\/div>\n\t\t\t\t<\/div>\n\t\t\t\t\t<\/div>\n\t\t<\/div>\n\t\t\t\t<div class=\"elementor-column elementor-col-50 elementor-inner-column elementor-element elementor-element-da8a50d\" data-id=\"da8a50d\" data-element_type=\"column\" data-e-type=\"column\">\n\t\t\t<div class=\"elementor-widget-wrap elementor-element-populated\">\n\t\t\t\t\t\t<div class=\"elementor-element elementor-element-dce3669 elementor-widget elementor-widget-section-head\" data-id=\"dce3669\" data-element_type=\"widget\" data-e-type=\"widget\" data-widget_type=\"section-head.default\">\n\t\t\t\t<div class=\"elementor-widget-container\">\n\t\t\t\t\t\t\t\t<div class=\"section-title text-left\">\r\n\t\t\t\t\t\t        <span class=\"wow fadeInUp\" data-wow-delay=\"0.2s\">Empresas<\/span>\r\n\t\t        \t\t        <h2 class=\"wow fadeInUp\" data-wow-delay=\"0.2s\">Finanzas y Desarrollo de Peque\u00f1as y Medianas Empresas<\/h2>\r\n\t\t        \t\t\t<\/div>\r\n\t\t\t\t\t\t\t<\/div>\n\t\t\t\t<\/div>\n\t\t\t\t<div class=\"elementor-element elementor-element-d005b48 elementor-widget elementor-widget-text-editor\" data-id=\"d005b48\" data-element_type=\"widget\" data-e-type=\"widget\" data-widget_type=\"text-editor.default\">\n\t\t\t\t<div class=\"elementor-widget-container\">\n\t\t\t\t\t\t\t\t\t<p><span style=\"font-weight: 400;\">Nuestro programa de finanzas y desarrollo para peque\u00f1as y medianas empresas ofrece informaci\u00f3n b\u00e1sica sobre los aspectos financieros relacionados con el funcionamiento de una empresa a los due\u00f1os de peque\u00f1as y medianas empresas o a emprendedores que deseen comenzar una.<\/span><\/p>\t\t\t\t\t\t\t\t<\/div>\n\t\t\t\t<\/div>\n\t\t\t\t\t<\/div>\n\t\t<\/div>\n\t\t\t\t\t<\/div>\n\t\t<\/section>\n\t\t\t\t\t<\/div>\n\t\t<\/div>\n\t\t\t\t\t<\/div>\n\t\t<\/section>\n\t\t<div class=\"elementor-element elementor-element-7a660c4 e-flex e-con-boxed e-con e-parent\" data-id=\"7a660c4\" data-element_type=\"container\" data-e-type=\"container\">\n\t\t\t\t\t<div class=\"e-con-inner\">\n\t\t\t\t<div class=\"elementor-element elementor-element-f2dda64 elementor-widget elementor-widget-chariton-button\" data-id=\"f2dda64\" data-element_type=\"widget\" data-e-type=\"widget\" data-widget_type=\"chariton-button.default\">\n\t\t\t\t<div class=\"elementor-widget-container\">\n\t\t\t\t\t<a href=\"https:\/\/mirausa.net\/\/?page_id=1160\" target=\"_blank\" rel=\"nofollow\" class=\"chariton-btn btn\"><i class=\"ifs-icon fas fa-info-circle\"><\/i> Inscr\u00edbete aqu\u00ed<\/a>\t\t\t\t<\/div>\n\t\t\t\t<\/div>\n\t\t\t\t\t<\/div>\n\t\t\t\t<\/div>\n\t\t\t\t<\/div>\n\t\t","protected":false},"excerpt":{"rendered":"<p>Programa de Educaci\u00f3n Financiera Nuestro Programa de Educaci\u00f3n Financiera tiene como objetivo promover la estabilidad econ\u00f3mica y la movilidad financiera de los inmigrantes en los Estados Unidos. Cuanto mayor sea [&hellip;]<\/p>\n","protected":false},"author":1,"featured_media":0,"parent":0,"menu_order":0,"comment_status":"closed","ping_status":"closed","template":"elementor_header_footer","meta":{"_acf_changed":false,"footnotes":""},"class_list":["post-25158","page","type-page","status-publish","hentry"],"acf":[],"_links":{"self":[{"href":"https:\/\/mirausa.net\/index.php?rest_route=\/wp\/v2\/pages\/25158","targetHints":{"allow":["GET"]}}],"collection":[{"href":"https:\/\/mirausa.net\/index.php?rest_route=\/wp\/v2\/pages"}],"about":[{"href":"https:\/\/mirausa.net\/index.php?rest_route=\/wp\/v2\/types\/page"}],"author":[{"embeddable":true,"href":"https:\/\/mirausa.net\/index.php?rest_route=\/wp\/v2\/users\/1"}],"replies":[{"embeddable":true,"href":"https:\/\/mirausa.net\/index.php?rest_route=%2Fwp%2Fv2%2Fcomments&post=25158"}],"version-history":[{"count":82,"href":"https:\/\/mirausa.net\/index.php?rest_route=\/wp\/v2\/pages\/25158\/revisions"}],"predecessor-version":[{"id":28603,"href":"https:\/\/mirausa.net\/index.php?rest_route=\/wp\/v2\/pages\/25158\/revisions\/28603"}],"wp:attachment":[{"href":"https:\/\/mirausa.net\/index.php?rest_route=%2Fwp%2Fv2%2Fmedia&parent=25158"}],"curies":[{"name":"wp","href":"https:\/\/api.w.org\/{rel}","templated":true}]}}