{"id":25332,"date":"2025-03-25T21:28:20","date_gmt":"2025-03-26T02:28:20","guid":{"rendered":"https:\/\/mirausa.net\/2025-2\/?page_id=25332"},"modified":"2025-06-19T07:58:50","modified_gmt":"2025-06-19T12:58:50","slug":"comites-liderazgo","status":"publish","type":"page","link":"https:\/\/mirausa.net\/?page_id=25332","title":{"rendered":"Comit\u00e9s | Liderazgo"},"content":{"rendered":"\t\t<div data-elementor-type=\"wp-page\" data-elementor-id=\"25332\" class=\"elementor elementor-25332\">\n\t\t\t\t\t\t<section class=\"elementor-section elementor-top-section elementor-element elementor-element-081280e elementor-reverse-tablet elementor-reverse-mobile elementor-section-boxed elementor-section-height-default elementor-section-height-default\" data-id=\"081280e\" data-element_type=\"section\" data-e-type=\"section\" data-settings=\"{&quot;background_background&quot;:&quot;classic&quot;}\">\n\t\t\t\t\t\t\t<div class=\"elementor-background-overlay\"><\/div>\n\t\t\t\t\t\t\t<div class=\"elementor-container elementor-column-gap-default\">\n\t\t\t\t\t<div class=\"elementor-column elementor-col-100 elementor-top-column elementor-element elementor-element-d03cf54\" data-id=\"d03cf54\" data-element_type=\"column\" data-e-type=\"column\">\n\t\t\t<div class=\"elementor-widget-wrap elementor-element-populated\">\n\t\t\t\t\t\t<section class=\"elementor-section elementor-inner-section elementor-element elementor-element-91949e9 elementor-section-boxed elementor-section-height-default elementor-section-height-default\" data-id=\"91949e9\" data-element_type=\"section\" data-e-type=\"section\">\n\t\t\t\t\t\t<div class=\"elementor-container elementor-column-gap-default\">\n\t\t\t\t\t<div class=\"elementor-column elementor-col-100 elementor-inner-column elementor-element elementor-element-22c5bac\" data-id=\"22c5bac\" data-element_type=\"column\" data-e-type=\"column\">\n\t\t\t<div class=\"elementor-widget-wrap elementor-element-populated\">\n\t\t\t\t\t\t<div class=\"elementor-element elementor-element-2824013 elementor-widget elementor-widget-elementskit-heading\" data-id=\"2824013\" data-element_type=\"widget\" data-e-type=\"widget\" data-widget_type=\"elementskit-heading.default\">\n\t\t\t\t<div class=\"elementor-widget-container\">\n\t\t\t\t\t<div class=\"ekit-wid-con\" ><div class=\"ekit-heading elementskit-section-title-wraper text_center   ekit_heading_tablet-   ekit_heading_mobile-\"><h1 class=\"ekit-heading--title elementskit-section-title \">Comit\u00e9s | Liderazgo Juvenil<\/h1><\/div><\/div>\t\t\t\t<\/div>\n\t\t\t\t<\/div>\n\t\t\t\t\t<\/div>\n\t\t<\/div>\n\t\t\t\t\t<\/div>\n\t\t<\/section>\n\t\t\t\t\t<\/div>\n\t\t<\/div>\n\t\t\t\t\t<\/div>\n\t\t<\/section>\n\t\t<div class=\"elementor-element elementor-element-f2f1f38 e-flex e-con-boxed e-con e-parent\" data-id=\"f2f1f38\" data-element_type=\"container\" data-e-type=\"container\">\n\t\t\t\t\t<div class=\"e-con-inner\">\n\t\t\t\t<div class=\"elementor-element elementor-element-70badd4 elementor-widget elementor-widget-heading\" data-id=\"70badd4\" data-element_type=\"widget\" data-e-type=\"widget\" data-widget_type=\"heading.default\">\n\t\t\t\t<div class=\"elementor-widget-container\">\n\t\t\t\t\t<h5 class=\"elementor-heading-title elementor-size-default\">Liderazgo Juvenil<\/h5>\t\t\t\t<\/div>\n\t\t\t\t<\/div>\n\t\t\t\t<div class=\"elementor-element elementor-element-2f78b75 elementor-widget elementor-widget-heading\" data-id=\"2f78b75\" data-element_type=\"widget\" data-e-type=\"widget\" data-widget_type=\"heading.default\">\n\t\t\t\t<div class=\"elementor-widget-container\">\n\t\t\t\t\t<h3 class=\"elementor-heading-title elementor-size-default\">Comit\u00e9s<\/h3>\t\t\t\t<\/div>\n\t\t\t\t<\/div>\n\t\t\t\t<div class=\"elementor-element elementor-element-7e9e9e4 elementor-widget elementor-widget-text-editor\" data-id=\"7e9e9e4\" data-element_type=\"widget\" data-e-type=\"widget\" data-widget_type=\"text-editor.default\">\n\t\t\t\t<div class=\"elementor-widget-container\">\n\t\t\t\t\t\t\t\t\t<p><span style=\"font-weight: 400;\">Nuestros comit\u00e9s est\u00e1n comprometidos con el desarrollo sostenible, la educaci\u00f3n y el fortalecimiento comunitario para mejorar la calidad de vida de los j\u00f3venes. Ponemos un \u00e9nfasis especial en apoyar a estudiantes de primera generaci\u00f3n y j\u00f3venes profesionales, brind\u00e1ndoles recursos, oportunidades y mentor\u00eda para que prosperen. A trav\u00e9s de proyectos basados en valores, buscamos generar un cambio positivo y duradero que empodere a los individuos y fortalezca a las comunidades.<\/span><\/p>\t\t\t\t\t\t\t\t<\/div>\n\t\t\t\t<\/div>\n\t\t\t\t\t<\/div>\n\t\t\t\t<\/div>\n\t\t<div class=\"elementor-element elementor-element-2259624 e-flex e-con-boxed e-con e-parent\" data-id=\"2259624\" data-element_type=\"container\" data-e-type=\"container\" data-settings=\"{&quot;background_background&quot;:&quot;classic&quot;}\">\n\t\t\t\t\t<div class=\"e-con-inner\">\n\t\t<div class=\"elementor-element elementor-element-e74a160 e-con-full e-flex e-con e-child\" data-id=\"e74a160\" data-element_type=\"container\" data-e-type=\"container\">\n\t\t\t\t<div class=\"elementor-element elementor-element-8ab06a9 elementor-widget elementor-widget-image\" data-id=\"8ab06a9\" data-element_type=\"widget\" data-e-type=\"widget\" data-widget_type=\"image.default\">\n\t\t\t\t<div class=\"elementor-widget-container\">\n\t\t\t\t\t\t\t\t\t\t\t\t\t\t\t<img fetchpriority=\"high\" decoding=\"async\" width=\"300\" height=\"299\" src=\"https:\/\/mirausa.net\/wp-content\/uploads\/2025\/06\/Equidad-de-la-mujer-MIRA-USA.png\" class=\"attachment-large size-large wp-image-27672\" alt=\"\" srcset=\"https:\/\/mirausa.net\/wp-content\/uploads\/2025\/06\/Equidad-de-la-mujer-MIRA-USA.png 300w, https:\/\/mirausa.net\/wp-content\/uploads\/2025\/06\/Equidad-de-la-mujer-MIRA-USA-150x150.png 150w, https:\/\/mirausa.net\/wp-content\/uploads\/2025\/06\/Equidad-de-la-mujer-MIRA-USA-80x80.png 80w\" sizes=\"(max-width: 300px) 100vw, 300px\" \/>\t\t\t\t\t\t\t\t\t\t\t\t\t\t\t<\/div>\n\t\t\t\t<\/div>\n\t\t\t\t<\/div>\n\t\t<div class=\"elementor-element elementor-element-acdedb8 e-con-full e-flex e-con e-child\" data-id=\"acdedb8\" data-element_type=\"container\" data-e-type=\"container\">\n\t\t\t\t<div class=\"elementor-element elementor-element-623e148 elementor-widget elementor-widget-heading\" data-id=\"623e148\" data-element_type=\"widget\" data-e-type=\"widget\" data-widget_type=\"heading.default\">\n\t\t\t\t<div class=\"elementor-widget-container\">\n\t\t\t\t\t<h2 class=\"elementor-heading-title elementor-size-default\">Equidad de la Mujer <\/h2>\t\t\t\t<\/div>\n\t\t\t\t<\/div>\n\t\t\t\t<div class=\"elementor-element elementor-element-bf9cf71 elementor-widget elementor-widget-text-editor\" data-id=\"bf9cf71\" data-element_type=\"widget\" data-e-type=\"widget\" data-widget_type=\"text-editor.default\">\n\t\t\t\t<div class=\"elementor-widget-container\">\n\t\t\t\t\t\t\t\t\t<p><span style=\"font-weight: 400;\">Trabajamos para fortalecer el liderazgo femenino promoviendo oportunidades de desarrollo profesional y crecimiento personal. Creemos en la importancia de eliminar todas las formas de discriminaci\u00f3n contra mujeres y ni\u00f1as para fomentar la equidad y la inclusi\u00f3n en la sociedad.<\/span><\/p>\t\t\t\t\t\t\t\t<\/div>\n\t\t\t\t<\/div>\n\t\t\t\t<\/div>\n\t\t\t\t\t<\/div>\n\t\t\t\t<\/div>\n\t\t<div class=\"elementor-element elementor-element-3702a75 e-flex e-con-boxed e-con e-parent\" data-id=\"3702a75\" data-element_type=\"container\" data-e-type=\"container\" data-settings=\"{&quot;background_background&quot;:&quot;classic&quot;}\">\n\t\t\t\t\t<div class=\"e-con-inner\">\n\t\t<div class=\"elementor-element elementor-element-0a462d3 e-con-full e-flex e-con e-child\" data-id=\"0a462d3\" data-element_type=\"container\" data-e-type=\"container\">\n\t\t\t\t<div class=\"elementor-element elementor-element-29c8d02 elementor-widget elementor-widget-image\" data-id=\"29c8d02\" data-element_type=\"widget\" data-e-type=\"widget\" data-widget_type=\"image.default\">\n\t\t\t\t<div class=\"elementor-widget-container\">\n\t\t\t\t\t\t\t\t\t\t\t\t\t\t\t<img decoding=\"async\" width=\"300\" height=\"299\" src=\"https:\/\/mirausa.net\/wp-content\/uploads\/2025\/06\/negocios-y-emprendimiento-MIRA-USA.png\" class=\"attachment-large size-large wp-image-27673\" alt=\"\" srcset=\"https:\/\/mirausa.net\/wp-content\/uploads\/2025\/06\/negocios-y-emprendimiento-MIRA-USA.png 300w, https:\/\/mirausa.net\/wp-content\/uploads\/2025\/06\/negocios-y-emprendimiento-MIRA-USA-150x150.png 150w, https:\/\/mirausa.net\/wp-content\/uploads\/2025\/06\/negocios-y-emprendimiento-MIRA-USA-80x80.png 80w\" sizes=\"(max-width: 300px) 100vw, 300px\" \/>\t\t\t\t\t\t\t\t\t\t\t\t\t\t\t<\/div>\n\t\t\t\t<\/div>\n\t\t\t\t<\/div>\n\t\t<div class=\"elementor-element elementor-element-674ce88 e-con-full e-flex e-con e-child\" data-id=\"674ce88\" data-element_type=\"container\" data-e-type=\"container\">\n\t\t\t\t<div class=\"elementor-element elementor-element-0ab97c8 elementor-widget elementor-widget-heading\" data-id=\"0ab97c8\" data-element_type=\"widget\" data-e-type=\"widget\" data-widget_type=\"heading.default\">\n\t\t\t\t<div class=\"elementor-widget-container\">\n\t\t\t\t\t<h2 class=\"elementor-heading-title elementor-size-default\">Negocios y Emprendimiento <\/h2>\t\t\t\t<\/div>\n\t\t\t\t<\/div>\n\t\t\t\t<div class=\"elementor-element elementor-element-7dc2d42 elementor-widget elementor-widget-text-editor\" data-id=\"7dc2d42\" data-element_type=\"widget\" data-e-type=\"widget\" data-widget_type=\"text-editor.default\">\n\t\t\t\t<div class=\"elementor-widget-container\">\n\t\t\t\t\t\t\t\t\t<p><span style=\"font-weight: 400;\">Fomentamos una mentalidad emprendedora basada en la disciplina, la creatividad y la resiliencia como herramientas clave para la creaci\u00f3n de negocios y el \u00e9xito profesional. Nuestro comit\u00e9 est\u00e1 abierto a todos aquellos que aspiran a desarrollar su propio proyecto de vida a trav\u00e9s del emprendimiento.<\/span><\/p>\t\t\t\t\t\t\t\t<\/div>\n\t\t\t\t<\/div>\n\t\t\t\t<\/div>\n\t\t\t\t\t<\/div>\n\t\t\t\t<\/div>\n\t\t<div class=\"elementor-element elementor-element-740d907 e-flex e-con-boxed e-con e-parent\" data-id=\"740d907\" data-element_type=\"container\" data-e-type=\"container\" data-settings=\"{&quot;background_background&quot;:&quot;classic&quot;}\">\n\t\t\t\t\t<div class=\"e-con-inner\">\n\t\t<div class=\"elementor-element elementor-element-19e60ab e-con-full e-flex e-con e-child\" data-id=\"19e60ab\" data-element_type=\"container\" data-e-type=\"container\">\n\t\t\t\t<div class=\"elementor-element elementor-element-910fb9f elementor-widget elementor-widget-image\" data-id=\"910fb9f\" data-element_type=\"widget\" data-e-type=\"widget\" data-widget_type=\"image.default\">\n\t\t\t\t<div class=\"elementor-widget-container\">\n\t\t\t\t\t\t\t\t\t\t\t\t\t\t\t<img decoding=\"async\" width=\"300\" height=\"299\" src=\"https:\/\/mirausa.net\/wp-content\/uploads\/2025\/06\/semillero-de-investigacion-en-politica.png\" class=\"attachment-large size-large wp-image-27674\" alt=\"\" srcset=\"https:\/\/mirausa.net\/wp-content\/uploads\/2025\/06\/semillero-de-investigacion-en-politica.png 300w, https:\/\/mirausa.net\/wp-content\/uploads\/2025\/06\/semillero-de-investigacion-en-politica-150x150.png 150w, https:\/\/mirausa.net\/wp-content\/uploads\/2025\/06\/semillero-de-investigacion-en-politica-80x80.png 80w\" sizes=\"(max-width: 300px) 100vw, 300px\" \/>\t\t\t\t\t\t\t\t\t\t\t\t\t\t\t<\/div>\n\t\t\t\t<\/div>\n\t\t\t\t<\/div>\n\t\t<div class=\"elementor-element elementor-element-0564371 e-con-full e-flex e-con e-child\" data-id=\"0564371\" data-element_type=\"container\" data-e-type=\"container\">\n\t\t\t\t<div class=\"elementor-element elementor-element-a6dca26 elementor-widget elementor-widget-heading\" data-id=\"a6dca26\" data-element_type=\"widget\" data-e-type=\"widget\" data-widget_type=\"heading.default\">\n\t\t\t\t<div class=\"elementor-widget-container\">\n\t\t\t\t\t<h2 class=\"elementor-heading-title elementor-size-default\">Semillero de Investigaci\u00f3n Pol\u00edtica y Gobierno en los Estados Unidos con un enfoque hacia Latinoam\u00e9rica <\/h2>\t\t\t\t<\/div>\n\t\t\t\t<\/div>\n\t\t\t\t<div class=\"elementor-element elementor-element-e985149 elementor-widget elementor-widget-text-editor\" data-id=\"e985149\" data-element_type=\"widget\" data-e-type=\"widget\" data-widget_type=\"text-editor.default\">\n\t\t\t\t<div class=\"elementor-widget-container\">\n\t\t\t\t\t\t\t\t\t<p><span style=\"font-weight: 400;\">Buscamos crear conciencia c\u00edvica y promover la importancia de la participaci\u00f3n pol\u00edtica en las nuevas generaciones. Nuestro objetivo es fortalecer el conocimiento sobre el funcionamiento de los gobiernos locales, regionales y nacionales, incentivando una ciudadan\u00eda activa e informada.<\/span><\/p>\t\t\t\t\t\t\t\t<\/div>\n\t\t\t\t<\/div>\n\t\t\t\t<\/div>\n\t\t\t\t\t<\/div>\n\t\t\t\t<\/div>\n\t\t\t\t<\/div>\n\t\t","protected":false},"excerpt":{"rendered":"<p>Comit\u00e9s | Liderazgo Juvenil Liderazgo Juvenil Comit\u00e9s Nuestros comit\u00e9s est\u00e1n comprometidos con el desarrollo sostenible, la educaci\u00f3n y el fortalecimiento comunitario para mejorar la calidad de vida de los j\u00f3venes. [&hellip;]<\/p>\n","protected":false},"author":1,"featured_media":0,"parent":0,"menu_order":0,"comment_status":"closed","ping_status":"closed","template":"elementor_header_footer","meta":{"_acf_changed":false,"footnotes":""},"class_list":["post-25332","page","type-page","status-publish","hentry"],"acf":[],"_links":{"self":[{"href":"https:\/\/mirausa.net\/index.php?rest_route=\/wp\/v2\/pages\/25332","targetHints":{"allow":["GET"]}}],"collection":[{"href":"https:\/\/mirausa.net\/index.php?rest_route=\/wp\/v2\/pages"}],"about":[{"href":"https:\/\/mirausa.net\/index.php?rest_route=\/wp\/v2\/types\/page"}],"author":[{"embeddable":true,"href":"https:\/\/mirausa.net\/index.php?rest_route=\/wp\/v2\/users\/1"}],"replies":[{"embeddable":true,"href":"https:\/\/mirausa.net\/index.php?rest_route=%2Fwp%2Fv2%2Fcomments&post=25332"}],"version-history":[{"count":31,"href":"https:\/\/mirausa.net\/index.php?rest_route=\/wp\/v2\/pages\/25332\/revisions"}],"predecessor-version":[{"id":27677,"href":"https:\/\/mirausa.net\/index.php?rest_route=\/wp\/v2\/pages\/25332\/revisions\/27677"}],"wp:attachment":[{"href":"https:\/\/mirausa.net\/index.php?rest_route=%2Fwp%2Fv2%2Fmedia&parent=25332"}],"curies":[{"name":"wp","href":"https:\/\/api.w.org\/{rel}","templated":true}]}}