{"id":25581,"date":"2025-03-31T14:13:26","date_gmt":"2025-03-31T19:13:26","guid":{"rendered":"https:\/\/mirausa.net\/2025-2\/?page_id=25581"},"modified":"2025-03-31T14:17:08","modified_gmt":"2025-03-31T19:17:08","slug":"politica-de-privacidad","status":"publish","type":"page","link":"https:\/\/mirausa.net\/?page_id=25581","title":{"rendered":"Pol\u00edtica de Privacidad"},"content":{"rendered":"\t\t<div data-elementor-type=\"wp-page\" data-elementor-id=\"25581\" class=\"elementor elementor-25581\">\n\t\t\t\t\t\t<section class=\"elementor-section elementor-top-section elementor-element elementor-element-2631109 elementor-reverse-tablet elementor-reverse-mobile elementor-section-boxed elementor-section-height-default elementor-section-height-default\" data-id=\"2631109\" data-element_type=\"section\" data-e-type=\"section\" data-settings=\"{&quot;background_background&quot;:&quot;classic&quot;}\">\n\t\t\t\t\t\t\t<div class=\"elementor-background-overlay\"><\/div>\n\t\t\t\t\t\t\t<div class=\"elementor-container elementor-column-gap-default\">\n\t\t\t\t\t<div class=\"elementor-column elementor-col-100 elementor-top-column elementor-element elementor-element-b4b7290\" data-id=\"b4b7290\" data-element_type=\"column\" data-e-type=\"column\">\n\t\t\t<div class=\"elementor-widget-wrap elementor-element-populated\">\n\t\t\t\t\t\t<div class=\"elementor-element elementor-element-654cad3 elementor-widget elementor-widget-heading\" data-id=\"654cad3\" data-element_type=\"widget\" data-e-type=\"widget\" data-widget_type=\"heading.default\">\n\t\t\t\t<div class=\"elementor-widget-container\">\n\t\t\t\t\t<h2 class=\"elementor-heading-title elementor-size-default\">Pol\u00edtica de Privacidad<\/h2>\t\t\t\t<\/div>\n\t\t\t\t<\/div>\n\t\t\t\t<div class=\"elementor-element elementor-element-f14faa0 elementor-widget elementor-widget-heading\" data-id=\"f14faa0\" data-element_type=\"widget\" data-e-type=\"widget\" data-widget_type=\"heading.default\">\n\t\t\t\t<div class=\"elementor-widget-container\">\n\t\t\t\t\t<h4 class=\"elementor-heading-title elementor-size-default\">Proteger su privacidad es nuestra prioridad<\/h4>\t\t\t\t<\/div>\n\t\t\t\t<\/div>\n\t\t\t\t\t<\/div>\n\t\t<\/div>\n\t\t\t\t\t<\/div>\n\t\t<\/section>\n\t\t<div class=\"elementor-element elementor-element-15277c8 e-flex e-con-boxed e-con e-parent\" data-id=\"15277c8\" data-element_type=\"container\" data-e-type=\"container\">\n\t\t\t\t\t<div class=\"e-con-inner\">\n\t\t\t\t<div class=\"elementor-element elementor-element-616fb09 elementor-widget elementor-widget-text-editor\" data-id=\"616fb09\" data-element_type=\"widget\" data-e-type=\"widget\" data-widget_type=\"text-editor.default\">\n\t\t\t\t<div class=\"elementor-widget-container\">\n\t\t\t\t\t\t\t\t\t<p>Proteger su informaci\u00f3n privada es nuestra prioridad. Esta Declaraci\u00f3n de Privacidad se aplica a https:\/\/mirausa.net y MIRA USA INC y rige la recopilaci\u00f3n y el uso de datos. A los efectos de esta Pol\u00edtica de Privacidad, salvo que se indique lo contrario, todas las referencias a MIRA USA INC incluyen https:\/\/mirausa.net y MIRA USA. El sitio web de MIRA USA es un sitio sin fines de lucro. Al utilizar el sitio web de MIRA USA, usted acepta las pr\u00e1cticas de datos descritas en esta declaraci\u00f3n.<\/p><p><strong>Recopilaci\u00f3n de Su Informaci\u00f3n Personal<\/strong><\/p><p>Para proporcionarle mejores productos y servicios ofrecidos en nuestro Sitio, MIRA USA puede recopilar informaci\u00f3n personal identificable, como su:<\/p><ul class=\"wp-block-list\"><li>Nombre y Apellido<\/li><li>Direcci\u00f3n Postal<\/li><li>Direcci\u00f3n de Correo Electr\u00f3nico<\/li><li>Numero de Tel\u00e9fono<\/li><\/ul><p>Si dona a MIRA USA, recopilamos informaci\u00f3n de facturaci\u00f3n y tarjeta de cr\u00e9dito. Esta informaci\u00f3n se utiliza para completar la transacci\u00f3n de compra.<\/p><p>MIRA USA tambi\u00e9n puede recopilar informaci\u00f3n demogr\u00e1fica an\u00f3nima, que no es \u00fanica para usted, como su:<\/p><ul class=\"wp-block-list\"><li>Edad<\/li><li>G\u00e9nero<\/li><li>Raza<\/li><li>Religi\u00f3n<\/li><\/ul><p>No recopilamos ninguna informaci\u00f3n personal sobre usted a menos que la proporcione voluntariamente. Sin embargo, es posible que se le solicite proporcionar cierta informaci\u00f3n personal cuando elija utilizar ciertos productos o servicios disponibles en el Sitio. Estos pueden incluir: (a) registrarse para una cuenta en nuestro Sitio; (b) participar en un sorteo o concurso patrocinado por nosotros o uno de nuestros socios; (c) suscribirse a ofertas especiales de terceros seleccionados; (d) enviarnos un mensaje de correo electr\u00f3nico; (e) enviar su tarjeta de cr\u00e9dito u otra informaci\u00f3n de pago al ordenar y comprar productos y servicios en nuestro Sitio. Usaremos su informaci\u00f3n para, entre otros fines, comunicarnos con usted en relaci\u00f3n con los servicios y\/o productos que nos ha solicitado. Tambi\u00e9n podemos recopilar informaci\u00f3n adicional personal o no personal en el futuro.<\/p><p><strong>Uso de Su Informaci\u00f3n Personal<\/strong><\/p><p>MIRA USA recopila y utiliza su informaci\u00f3n personal para operar su(s) sitio(s) web y proporcionar los servicios que ha solicitado.<\/p><p><strong>Compartir Informaci\u00f3n con Terceros<\/strong><\/p><p>MIRA USA no vende, alquila o arrienda sus listas de clientes a terceros. MIRA USA puede compartir datos con socios de confianza para ayudar en el an\u00e1lisis estad\u00edstico, enviarle correo electr\u00f3nico o correo postal, brindar soporte al cliente o coordinar entregas. Se proh\u00edbe a todos estos terceros el uso de su informaci\u00f3n personal, excepto para proporcionar estos servicios a MIRA USA, y se les exige mantener la confidencialidad de su informaci\u00f3n. MIRA USA puede divulgar su informaci\u00f3n personal, sin previo aviso, si est\u00e1 obligado a hacerlo por ley o si tiene una creencia de buena fe de que tal acci\u00f3n es necesaria para: (a) cumplir con los edictos de la ley o cumplir con el proceso legal servido a MIRA USA o al sitio; (b) proteger y defender los derechos o la propiedad de MIRA USA; y\/o (c) actuar en circunstancias de urgencia para proteger la seguridad personal de los usuarios de MIRA USA o del p\u00fablico.<\/p><p><strong>Seguimiento del Comportamiento del Usuario<\/strong><\/p><p>MIRA USA puede hacer un seguimiento de los sitios web y las p\u00e1ginas que nuestros usuarios visitan dentro de MIRA USA para determinar cu\u00e1les son los servicios de MIRA USA m\u00e1s populares. Estos datos se utilizan para ofrecer contenido y publicidad personalizados dentro de MIRA USA a los clientes cuyo comportamiento indica que est\u00e1n interesados en una \u00e1rea tem\u00e1tica espec\u00edfica.<\/p><p><strong>Informaci\u00f3n Recopilada Autom\u00e1ticamente<\/strong><\/p><p>La informaci\u00f3n sobre su hardware y software de computadora puede ser recopilada autom\u00e1ticamente por MIRA USA. Esta informaci\u00f3n puede incluir su direcci\u00f3n IP, tipo de navegador, nombres de dominio, tiempos de acceso y direcciones de sitios web de referencia. Esta informaci\u00f3n se utiliza para la operaci\u00f3n del servicio, para mantener la calidad del servicio y para proporcionar estad\u00edsticas generales sobre el uso del sitio web de MIRA USA.<\/p><p><strong>Uso de Cookies<\/strong><\/p><p>El sitio web de MIRA USA puede utilizar \u00abcookies\u00bb para ayudarlo a personalizar su experiencia en l\u00ednea. Una cookie es un archivo de texto que se coloca en su disco duro por un servidor de p\u00e1gina web. Las cookies no se pueden utilizar para ejecutar programas ni para enviar virus a su computadora. Las cookies se asignan de manera \u00fanica a usted y solo pueden ser le\u00eddas por un servidor web en el dominio que emiti\u00f3 la cookie a usted.<\/p><p>Uno de los principales prop\u00f3sitos de las cookies es proporcionar una funci\u00f3n de conveniencia para ahorrar tiempo. El prop\u00f3sito de una cookie es informar al servidor web que ha regresado a una p\u00e1gina espec\u00edfica. Por ejemplo, si personaliza las p\u00e1ginas de MIRA USA o se registra en el sitio o los servicios de MIRA USA, una cookie ayuda a MIRA USA a recordar su informaci\u00f3n espec\u00edfica en sitios web posteriores. Esto simplifica el proceso de registro de su informaci\u00f3n personal, como direcciones de facturaci\u00f3n, direcciones de env\u00edo, y as\u00ed sucesivamente. Cuando regresa al mismo sitio web de MIRA USA, se puede recuperar la informaci\u00f3n que proporcion\u00f3 anteriormente, para que pueda utilizar f\u00e1cilmente las caracter\u00edsticas de MIRA USA que personaliz\u00f3.<\/p><p>Usted tiene la capacidad de aceptar o rechazar las cookies. La mayor\u00eda de los navegadores web aceptan autom\u00e1ticamente los servicios de MIRA USA o los sitios web que visita.<\/p><p><strong>Enlaces<\/strong><\/p><p>Este sitio web contiene enlaces a otros sitios. Tenga en cuenta que no somos responsables del contenido o las pr\u00e1cticas de privacidad de tales sitios. Alentamos a nuestros usuarios a que est\u00e9n al tanto cuando abandonen nuestro sitio y lean las declaraciones de privacidad de cualquier otro sitio que recopile informaci\u00f3n personal identificable.<\/p><p><strong>Seguridad de Su Informaci\u00f3n Personal<\/strong><\/p><p>MIRA USA protege su informaci\u00f3n personal contra el acceso, uso o divulgaci\u00f3n no autorizados. MIRA USA utiliza los siguientes m\u00e9todos para este prop\u00f3sito:<\/p><ul class=\"wp-block-list\"><li>Protocolo SSL<\/li><\/ul><p>Cuando la informaci\u00f3n personal (como un n\u00famero de tarjeta de cr\u00e9dito) se transmite a otros sitios web, se protege mediante el uso de la encriptaci\u00f3n, como el protocolo Secure Sockets Layer (SSL). Nos esforzamos por tomar medidas de seguridad adecuadas para proteger contra el acceso no autorizado o la alteraci\u00f3n de su informaci\u00f3n personal. Desafortunadamente, no se puede garantizar que la transmisi\u00f3n de datos por Internet o cualquier red inal\u00e1mbrica sea 100% segura. Como resultado, aunque nos esforzamos por proteger su informaci\u00f3n personal, usted reconoce que: (a) existen limitaciones de seguridad y privacidad inherentes a Internet que est\u00e1n fuera de nuestro control; y (b) no se puede garantizar la seguridad, integridad y privacidad de toda la informaci\u00f3n y los datos intercambiados entre usted y nosotros a trav\u00e9s de este Sitio.<\/p><p><strong>Ni\u00f1os Menores de Trece A\u00f1os<\/strong><\/p><p>MIRA USA no recopila de manera consciente informaci\u00f3n personal identificable de ni\u00f1os menores de trece a\u00f1os. Si tiene menos de trece a\u00f1os, debe solicitar permiso a su padre o tutor para utilizar este sitio web.<\/p><p><strong>Comunicaciones por Correo Electr\u00f3nico<\/strong><\/p><p>De vez en cuando, MIRA USA puede contactarlo por correo electr\u00f3nico con el prop\u00f3sito de proporcionar anuncios, ofertas promocionales, alertas, confirmaciones, encuestas y\/o otras comunicaciones generales.<\/p><p>Si desea dejar de recibir comunicaciones de marketing o promocionales por correo electr\u00f3nico de MIRA USA, puede optar por no recibir tales comunicaciones haciendo clic en el bot\u00f3n UNSUBSCRIBE cuando reciba un correo electr\u00f3nico nuestro. O simplemente env\u00edenos un correo electr\u00f3nico a info@mirausa.net con la palabra \u00abUNSUBSCRIBE\u00bb.<\/p><p><strong>Cambios en esta Declaraci\u00f3n<\/strong><\/p><p>MIRA USA se reserva el derecho de cambiar esta Pol\u00edtica de Privacidad de vez en cuando. Le notificaremos acerca de cambios significativos en la forma en que tratamos la informaci\u00f3n personal enviando un aviso a la direcci\u00f3n de correo electr\u00f3nico principal especificada en su cuenta, colocando un aviso destacado en nuestro sitio y\/o actualizando cualquier informaci\u00f3n de privacidad en esta p\u00e1gina. Su uso continuado del Sitio y\/o de los Servicios disponibles a trav\u00e9s de este Sitio despu\u00e9s de dichas modificaciones constituir\u00e1 su: (a) reconocimiento de la Pol\u00edtica de Privacidad modificada; y (b) acuerdo de cumplir y quedar vinculado por esa Pol\u00edtica.<\/p><p><strong>Enlaces Externos<\/strong><\/p><p>La referencia a hiperv\u00ednculos externos no constituye un respaldo por parte de MIRA USA, INC. de los sitios web vinculados ni de la informaci\u00f3n, productos o servicios contenidos en ellos. A menos que se especifique lo contrario, MIRA USA, INC. no ejerce ning\u00fan control editorial sobre la informaci\u00f3n que pueda encontrar en estos lugares. Todos los enlaces se proporcionan con la intenci\u00f3n de cumplir con la misi\u00f3n de MIRA USA, INC. Por favor, inf\u00f3rmenos sobre los enlaces externos existentes que considere inapropiados y sobre enlaces externos adicionales espec\u00edficos que considere que deben incluirse.<\/p><p><strong>Descargo de Responsabilidad del Orador<\/strong><\/p><p>Las opiniones y consejos expresados en presentaciones o materiales realizados en eventos organizados por MIRA USA, INC. son los del orador y no necesariamente de MIRA USA, INC. Las presentaciones en los eventos de MIRA USA, INC. no constituyen un respaldo de las opiniones, servicios o productos del orador. Como tal, cualquier material presentado por cualquier orador en cualquier formato, sin limitaci\u00f3n, es solo con fines informativos generales y no pretende proporcionar asesoramiento profesional u opiniones por parte de MIRA USA, INC. Los asistentes deben consultar a un profesional calificado sobre todos los asuntos contenidos en las presentaciones para determinar c\u00f3mo esta informaci\u00f3n puede servir a sus necesidades \u00fanicas e individuales.<\/p><p><strong>Descargo de Responsabilidad<\/strong><\/p><p>Con respecto a cualquier informaci\u00f3n presentada en cualquier evento de MIRA USA, INC., MIRA USA, INC. no ofrece ninguna garant\u00eda, expresa o impl\u00edcita, incluyendo las garant\u00edas de comerciabilidad y aptitud para un prop\u00f3sito particular, y espec\u00edficamente rechaza cualquier responsabilidad legal o responsabilidad por la precisi\u00f3n, integridad o utilidad de cualquier informaci\u00f3n, aparato, producto, servicio o proceso presentado, y no hace ninguna representaci\u00f3n de que su uso no infrinja los derechos de propiedad privada.<\/p><p><strong>Descargo de Responsabilidad por el Endoso<\/strong><\/p><p>Cualquier material presentado por cualquier proveedor en cualquier formato, sin limitaci\u00f3n, es solo con fines informativos. Se espera que cualquier cliente potencial de cualquier proveedor, que est\u00e9 presente en un evento de MIRA USA, INC., realice su propia diligencia debida y evaluaci\u00f3n del proveedor, producto o servicios seg\u00fan corresponda a sus necesidades.<\/p><p><strong>Informaci\u00f3n de Contacto<\/strong><\/p><p>MIRA USA da la bienvenida a sus preguntas o comentarios con respecto a esta Declaraci\u00f3n de Privacidad. Si cree que MIRA USA no ha cumplido con esta Declaraci\u00f3n, comun\u00edquese con MIRA USA en:<\/p><p>MIRA USA INC<\/p><p>Direcci\u00f3n de Correo Electr\u00f3nico:<\/p><p>\u00a0info@mirausa.net<\/p><p>N\u00famero de Tel\u00e9fono:<\/p><p>(334) MIRA USA \u2013 (334) 647-2872<\/p><p>Efectiva a partir del 05 de julio de 2018<\/p>\t\t\t\t\t\t\t\t<\/div>\n\t\t\t\t<\/div>\n\t\t\t\t\t<\/div>\n\t\t\t\t<\/div>\n\t\t\t\t<\/div>\n\t\t","protected":false},"excerpt":{"rendered":"<p>Pol\u00edtica de Privacidad Proteger su privacidad es nuestra prioridad Proteger su informaci\u00f3n privada es nuestra prioridad. Esta Declaraci\u00f3n de Privacidad se aplica a https:\/\/mirausa.net y MIRA USA INC y rige [&hellip;]<\/p>\n","protected":false},"author":1,"featured_media":0,"parent":0,"menu_order":0,"comment_status":"closed","ping_status":"closed","template":"elementor_header_footer","meta":{"_acf_changed":false,"footnotes":""},"class_list":["post-25581","page","type-page","status-publish","hentry"],"acf":[],"_links":{"self":[{"href":"https:\/\/mirausa.net\/index.php?rest_route=\/wp\/v2\/pages\/25581","targetHints":{"allow":["GET"]}}],"collection":[{"href":"https:\/\/mirausa.net\/index.php?rest_route=\/wp\/v2\/pages"}],"about":[{"href":"https:\/\/mirausa.net\/index.php?rest_route=\/wp\/v2\/types\/page"}],"author":[{"embeddable":true,"href":"https:\/\/mirausa.net\/index.php?rest_route=\/wp\/v2\/users\/1"}],"replies":[{"embeddable":true,"href":"https:\/\/mirausa.net\/index.php?rest_route=%2Fwp%2Fv2%2Fcomments&post=25581"}],"version-history":[{"count":7,"href":"https:\/\/mirausa.net\/index.php?rest_route=\/wp\/v2\/pages\/25581\/revisions"}],"predecessor-version":[{"id":25589,"href":"https:\/\/mirausa.net\/index.php?rest_route=\/wp\/v2\/pages\/25581\/revisions\/25589"}],"wp:attachment":[{"href":"https:\/\/mirausa.net\/index.php?rest_route=%2Fwp%2Fv2%2Fmedia&parent=25581"}],"curies":[{"name":"wp","href":"https:\/\/api.w.org\/{rel}","templated":true}]}}