{"id":26735,"date":"2025-05-07T23:14:34","date_gmt":"2025-05-08T04:14:34","guid":{"rendered":"https:\/\/mirausa.net\/2025-2\/?page_id=26735"},"modified":"2025-05-27T22:45:14","modified_gmt":"2025-05-28T03:45:14","slug":"success-stories","status":"publish","type":"page","link":"https:\/\/mirausa.net\/?page_id=26735&lang=en","title":{"rendered":"Success Stories"},"content":{"rendered":"\t\t<div data-elementor-type=\"wp-page\" data-elementor-id=\"26735\" class=\"elementor elementor-26735\">\n\t\t\t\t\t\t<section class=\"elementor-section elementor-top-section elementor-element elementor-element-aed79d3 elementor-reverse-tablet elementor-reverse-mobile elementor-section-boxed elementor-section-height-default elementor-section-height-default\" data-id=\"aed79d3\" data-element_type=\"section\" data-e-type=\"section\" data-settings=\"{&quot;background_background&quot;:&quot;classic&quot;}\">\n\t\t\t\t\t\t\t<div class=\"elementor-background-overlay\"><\/div>\n\t\t\t\t\t\t\t<div class=\"elementor-container elementor-column-gap-default\">\n\t\t\t\t\t<div class=\"elementor-column elementor-col-100 elementor-top-column elementor-element elementor-element-36c6eae\" data-id=\"36c6eae\" data-element_type=\"column\" data-e-type=\"column\">\n\t\t\t<div class=\"elementor-widget-wrap elementor-element-populated\">\n\t\t\t\t\t\t<section class=\"elementor-section elementor-inner-section elementor-element elementor-element-244ac17 elementor-section-boxed elementor-section-height-default elementor-section-height-default\" data-id=\"244ac17\" data-element_type=\"section\" data-e-type=\"section\">\n\t\t\t\t\t\t<div class=\"elementor-container elementor-column-gap-default\">\n\t\t\t\t\t<div class=\"elementor-column elementor-col-100 elementor-inner-column elementor-element elementor-element-73a55cc\" data-id=\"73a55cc\" data-element_type=\"column\" data-e-type=\"column\">\n\t\t\t<div class=\"elementor-widget-wrap elementor-element-populated\">\n\t\t\t\t\t\t<div class=\"elementor-element elementor-element-d1818d0 elementor-widget elementor-widget-elementskit-heading\" data-id=\"d1818d0\" data-element_type=\"widget\" data-e-type=\"widget\" data-widget_type=\"elementskit-heading.default\">\n\t\t\t\t<div class=\"elementor-widget-container\">\n\t\t\t\t\t<div class=\"ekit-wid-con\" ><div class=\"ekit-heading elementskit-section-title-wraper text_center   ekit_heading_tablet-   ekit_heading_mobile-\"><h1 class=\"ekit-heading--title elementskit-section-title \">Success Stories<\/h1><\/div><\/div>\t\t\t\t<\/div>\n\t\t\t\t<\/div>\n\t\t\t\t\t<\/div>\n\t\t<\/div>\n\t\t\t\t\t<\/div>\n\t\t<\/section>\n\t\t\t\t\t<\/div>\n\t\t<\/div>\n\t\t\t\t\t<\/div>\n\t\t<\/section>\n\t\t<div class=\"elementor-element elementor-element-266f598 e-flex e-con-boxed e-con e-parent\" data-id=\"266f598\" data-element_type=\"container\" data-e-type=\"container\">\n\t\t\t\t\t<div class=\"e-con-inner\">\n\t\t\t\t<div class=\"elementor-element elementor-element-ebafdb5 elementor-widget elementor-widget-heading\" data-id=\"ebafdb5\" data-element_type=\"widget\" data-e-type=\"widget\" data-widget_type=\"heading.default\">\n\t\t\t\t<div class=\"elementor-widget-container\">\n\t\t\t\t\t<h2 class=\"elementor-heading-title elementor-size-default\">Visit our social media channels and learn about more success stories.<\/h2>\t\t\t\t<\/div>\n\t\t\t\t<\/div>\n\t\t\t\t\t<\/div>\n\t\t\t\t<\/div>\n\t\t<div class=\"elementor-element elementor-element-04c25fb e-con-full e-flex e-con e-parent\" data-id=\"04c25fb\" data-element_type=\"container\" data-e-type=\"container\">\n\t\t\t\t<div class=\"elementor-element elementor-element-14f13ec elementor-shape-circle elementor-grid-0 e-grid-align-center elementor-widget elementor-widget-social-icons\" data-id=\"14f13ec\" data-element_type=\"widget\" data-e-type=\"widget\" data-widget_type=\"social-icons.default\">\n\t\t\t\t<div class=\"elementor-widget-container\">\n\t\t\t\t\t\t\t<div class=\"elementor-social-icons-wrapper elementor-grid\" role=\"list\">\n\t\t\t\t\t\t\t<span class=\"elementor-grid-item\" role=\"listitem\">\n\t\t\t\t\t<a class=\"elementor-icon elementor-social-icon elementor-social-icon-facebook elementor-repeater-item-3436a7a\" href=\"https:\/\/www.facebook.com\/MIRAUSAOficial\/\" target=\"_blank\">\n\t\t\t\t\t\t<span class=\"elementor-screen-only\">Facebook<\/span>\n\t\t\t\t\t\t<svg aria-hidden=\"true\" class=\"e-font-icon-svg e-fab-facebook\" viewBox=\"0 0 512 512\" xmlns=\"http:\/\/www.w3.org\/2000\/svg\"><path d=\"M504 256C504 119 393 8 256 8S8 119 8 256c0 123.78 90.69 226.38 209.25 245V327.69h-63V256h63v-54.64c0-62.15 37-96.48 93.67-96.48 27.14 0 55.52 4.84 55.52 4.84v61h-31.28c-30.8 0-40.41 19.12-40.41 38.73V256h68.78l-11 71.69h-57.78V501C413.31 482.38 504 379.78 504 256z\"><\/path><\/svg>\t\t\t\t\t<\/a>\n\t\t\t\t<\/span>\n\t\t\t\t\t\t\t<span class=\"elementor-grid-item\" role=\"listitem\">\n\t\t\t\t\t<a class=\"elementor-icon elementor-social-icon elementor-social-icon-x-twitter elementor-repeater-item-6b8359f\" href=\"https:\/\/twitter.com\/mirausaoficial\" target=\"_blank\">\n\t\t\t\t\t\t<span class=\"elementor-screen-only\">X-twitter<\/span>\n\t\t\t\t\t\t<svg aria-hidden=\"true\" class=\"e-font-icon-svg e-fab-x-twitter\" viewBox=\"0 0 512 512\" xmlns=\"http:\/\/www.w3.org\/2000\/svg\"><path d=\"M389.2 48h70.6L305.6 224.2 487 464H345L233.7 318.6 106.5 464H35.8L200.7 275.5 26.8 48H172.4L272.9 180.9 389.2 48zM364.4 421.8h39.1L151.1 88h-42L364.4 421.8z\"><\/path><\/svg>\t\t\t\t\t<\/a>\n\t\t\t\t<\/span>\n\t\t\t\t\t\t\t<span class=\"elementor-grid-item\" role=\"listitem\">\n\t\t\t\t\t<a class=\"elementor-icon elementor-social-icon elementor-social-icon-youtube elementor-repeater-item-dd91170\" href=\"https:\/\/www.youtube.com\/MIRAUSA\" target=\"_blank\">\n\t\t\t\t\t\t<span class=\"elementor-screen-only\">Youtube<\/span>\n\t\t\t\t\t\t<svg aria-hidden=\"true\" class=\"e-font-icon-svg e-fab-youtube\" viewBox=\"0 0 576 512\" xmlns=\"http:\/\/www.w3.org\/2000\/svg\"><path d=\"M549.655 124.083c-6.281-23.65-24.787-42.276-48.284-48.597C458.781 64 288 64 288 64S117.22 64 74.629 75.486c-23.497 6.322-42.003 24.947-48.284 48.597-11.412 42.867-11.412 132.305-11.412 132.305s0 89.438 11.412 132.305c6.281 23.65 24.787 41.5 48.284 47.821C117.22 448 288 448 288 448s170.78 0 213.371-11.486c23.497-6.321 42.003-24.171 48.284-47.821 11.412-42.867 11.412-132.305 11.412-132.305s0-89.438-11.412-132.305zm-317.51 213.508V175.185l142.739 81.205-142.739 81.201z\"><\/path><\/svg>\t\t\t\t\t<\/a>\n\t\t\t\t<\/span>\n\t\t\t\t\t\t\t<span class=\"elementor-grid-item\" role=\"listitem\">\n\t\t\t\t\t<a class=\"elementor-icon elementor-social-icon elementor-social-icon-instagram elementor-repeater-item-34c1269\" href=\"https:\/\/www.instagram.com\/mirausaoficial\/\" target=\"_blank\">\n\t\t\t\t\t\t<span class=\"elementor-screen-only\">Instagram<\/span>\n\t\t\t\t\t\t<svg aria-hidden=\"true\" class=\"e-font-icon-svg e-fab-instagram\" viewBox=\"0 0 448 512\" xmlns=\"http:\/\/www.w3.org\/2000\/svg\"><path d=\"M224.1 141c-63.6 0-114.9 51.3-114.9 114.9s51.3 114.9 114.9 114.9S339 319.5 339 255.9 287.7 141 224.1 141zm0 189.6c-41.1 0-74.7-33.5-74.7-74.7s33.5-74.7 74.7-74.7 74.7 33.5 74.7 74.7-33.6 74.7-74.7 74.7zm146.4-194.3c0 14.9-12 26.8-26.8 26.8-14.9 0-26.8-12-26.8-26.8s12-26.8 26.8-26.8 26.8 12 26.8 26.8zm76.1 27.2c-1.7-35.9-9.9-67.7-36.2-93.9-26.2-26.2-58-34.4-93.9-36.2-37-2.1-147.9-2.1-184.9 0-35.8 1.7-67.6 9.9-93.9 36.1s-34.4 58-36.2 93.9c-2.1 37-2.1 147.9 0 184.9 1.7 35.9 9.9 67.7 36.2 93.9s58 34.4 93.9 36.2c37 2.1 147.9 2.1 184.9 0 35.9-1.7 67.7-9.9 93.9-36.2 26.2-26.2 34.4-58 36.2-93.9 2.1-37 2.1-147.8 0-184.8zM398.8 388c-7.8 19.6-22.9 34.7-42.6 42.6-29.5 11.7-99.5 9-132.1 9s-102.7 2.6-132.1-9c-19.6-7.8-34.7-22.9-42.6-42.6-11.7-29.5-9-99.5-9-132.1s-2.6-102.7 9-132.1c7.8-19.6 22.9-34.7 42.6-42.6 29.5-11.7 99.5-9 132.1-9s102.7-2.6 132.1 9c19.6 7.8 34.7 22.9 42.6 42.6 11.7 29.5 9 99.5 9 132.1s2.7 102.7-9 132.1z\"><\/path><\/svg>\t\t\t\t\t<\/a>\n\t\t\t\t<\/span>\n\t\t\t\t\t\t\t<span class=\"elementor-grid-item\" role=\"listitem\">\n\t\t\t\t\t<a class=\"elementor-icon elementor-social-icon elementor-social-icon-linkedin elementor-repeater-item-bf5baa7\" href=\"https:\/\/www.linkedin.com\/company\/mirausaoficial\/?original_referer=https%3A%2F%2Fmirausa.net%2F\" target=\"_blank\">\n\t\t\t\t\t\t<span class=\"elementor-screen-only\">Linkedin<\/span>\n\t\t\t\t\t\t<svg aria-hidden=\"true\" class=\"e-font-icon-svg e-fab-linkedin\" viewBox=\"0 0 448 512\" xmlns=\"http:\/\/www.w3.org\/2000\/svg\"><path d=\"M416 32H31.9C14.3 32 0 46.5 0 64.3v383.4C0 465.5 14.3 480 31.9 480H416c17.6 0 32-14.5 32-32.3V64.3c0-17.8-14.4-32.3-32-32.3zM135.4 416H69V202.2h66.5V416zm-33.2-243c-21.3 0-38.5-17.3-38.5-38.5S80.9 96 102.2 96c21.2 0 38.5 17.3 38.5 38.5 0 21.3-17.2 38.5-38.5 38.5zm282.1 243h-66.4V312c0-24.8-.5-56.7-34.5-56.7-34.6 0-39.9 27-39.9 54.9V416h-66.4V202.2h63.7v29.2h.9c8.9-16.8 30.6-34.5 62.9-34.5 67.2 0 79.7 44.3 79.7 101.9V416z\"><\/path><\/svg>\t\t\t\t\t<\/a>\n\t\t\t\t<\/span>\n\t\t\t\t\t<\/div>\n\t\t\t\t\t\t<\/div>\n\t\t\t\t<\/div>\n\t\t\t\t<div class=\"elementor-element elementor-element-34c0b04 elementor-grid-eael-col-4 elementor-grid-tablet-eael-col-2 elementor-grid-mobile-eael-col-1 elementor-widget elementor-widget-eael-post-grid\" data-id=\"34c0b04\" data-element_type=\"widget\" data-e-type=\"widget\" data-settings=\"{&quot;eael_post_grid_columns&quot;:&quot;eael-col-4&quot;,&quot;eael_post_grid_columns_tablet&quot;:&quot;eael-col-2&quot;,&quot;eael_post_grid_columns_mobile&quot;:&quot;eael-col-1&quot;}\" data-widget_type=\"eael-post-grid.default\">\n\t\t\t\t<div class=\"elementor-widget-container\">\n\t\t\t\t\t<div id=\"eael-post-grid-34c0b04\" class=\"eael-post-grid-container\">\n            <div class=\"eael-post-grid eael-post-appender eael-post-appender-34c0b04 eael-post-grid-style-three\" data-layout-mode=\"grid\"><article class=\"eael-grid-post  eael-post-grid-column eael-pg-post-26979\" data-id=\"26979\">\n        <div class=\"eael-grid-post-holder\">\n            <div class=\"eael-grid-post-holder-inner\"><div class=\"eael-entry-media\"><div class=\"eael-entry-overlay fade-in\"><i class=\"fas fa-long-arrow-alt-right\" aria-hidden=\"true\"><\/i><a href=\"https:\/\/mirausa.net\/?testimonial=historia-de-exito-atlanta-ga-yuver-reyes\"rel=\"nofollow\"><\/a><\/div><div class=\"eael-entry-thumbnail \">\n                 <img fetchpriority=\"high\" decoding=\"async\" width=\"370\" height=\"350\" src=\"https:\/\/mirausa.net\/wp-content\/uploads\/2025\/05\/testiumonio-yuver-370x350.jpg\" class=\"attachment-chariton-event-400-400 size-chariton-event-400-400 wp-image-27264\" alt=\"\" \/>\n             <\/div>\n        <\/div><div class=\"eael-entry-wrapper\"><header class=\"eael-entry-header\"><h1 class=\"eael-entry-title\"><a class=\"eael-grid-post-link\" href=\"https:\/\/mirausa.net\/?testimonial=historia-de-exito-atlanta-ga-yuver-reyes\" title=\"Historia de \u00c9xito | Atlanta GA &#8211; Yuver Reyes\">Historia de \u00c9xito | Atlanta GA &#8211; Yuver Reyes<\/a><\/h1><\/header><div class=\"eael-entry-meta\"><span class=\"eael-posted-on\"><time datetime=\"18 mayo, 2025\">18 mayo, 2025<\/time><\/span><\/div><div class=\"eael-entry-content\">\n                        <div class=\"eael-grid-post-excerpt\"><p>Historia de \u00c9xito | Atlanta GA &#8211; Yuver Reyes<\/p><a href=\"https:\/\/mirausa.net\/?testimonial=historia-de-exito-atlanta-ga-yuver-reyes\" class=\"eael-post-elements-readmore-btn\">Leer m\u00e1s<\/a><\/div>\n                    <\/div><\/div><\/div>\n        <\/div>\n    <\/article><article class=\"eael-grid-post  eael-post-grid-column eael-pg-post-26229\" data-id=\"26229\">\n        <div class=\"eael-grid-post-holder\">\n            <div class=\"eael-grid-post-holder-inner\"><div class=\"eael-entry-media\"><div class=\"eael-entry-overlay fade-in\"><i class=\"fas fa-long-arrow-alt-right\" aria-hidden=\"true\"><\/i><a href=\"https:\/\/mirausa.net\/?testimonial=entrega-de-ayudas-en-new-york-mira-usa\"rel=\"nofollow\"><\/a><\/div><div class=\"eael-entry-thumbnail \">\n                 <img decoding=\"async\" width=\"370\" height=\"350\" src=\"https:\/\/mirausa.net\/wp-content\/uploads\/2025\/04\/ENTREGA-DE-AYUDAS-EN-NEW-YORK-MIRA-USA-370x350.jpg\" class=\"attachment-chariton-event-400-400 size-chariton-event-400-400 wp-image-27263\" alt=\"\" \/>\n             <\/div>\n        <\/div><div class=\"eael-entry-wrapper\"><header class=\"eael-entry-header\"><h1 class=\"eael-entry-title\"><a class=\"eael-grid-post-link\" href=\"https:\/\/mirausa.net\/?testimonial=entrega-de-ayudas-en-new-york-mira-usa\" title=\"ENTREGA DE AYUDAS EN NEW YORK | MIRA USA\">ENTREGA DE AYUDAS EN NEW YORK | MIRA USA<\/a><\/h1><\/header><div class=\"eael-entry-meta\"><span class=\"eael-posted-on\"><time datetime=\"9 abril, 2025\">9 abril, 2025<\/time><\/span><\/div><div class=\"eael-entry-content\">\n                        <div class=\"eael-grid-post-excerpt\"><p>Entrega de ayudas en New York \u00a1MIRA USA est\u00e1 presente cuando m\u00e1s se necesita! A trav\u00e9s de nuestra alianza global con la Cruz Roja Americana, estuvimos en primera l\u00ednea en...<\/p><a href=\"https:\/\/mirausa.net\/?testimonial=entrega-de-ayudas-en-new-york-mira-usa\" class=\"eael-post-elements-readmore-btn\">Leer m\u00e1s<\/a><\/div>\n                    <\/div><\/div><\/div>\n        <\/div>\n    <\/article><article class=\"eael-grid-post  eael-post-grid-column eael-pg-post-498\" data-id=\"498\">\n        <div class=\"eael-grid-post-holder\">\n            <div class=\"eael-grid-post-holder-inner\"><div class=\"eael-entry-media\"><div class=\"eael-entry-overlay fade-in\"><i class=\"fas fa-long-arrow-alt-right\" aria-hidden=\"true\"><\/i><a href=\"https:\/\/mirausa.net\/?testimonial=kirani-k-kados\"rel=\"nofollow\"><\/a><\/div><div class=\"eael-entry-thumbnail \">\n                 <img decoding=\"async\" width=\"370\" height=\"350\" src=\"https:\/\/mirausa.net\/wp-content\/uploads\/2019\/11\/Programa-de-liderazgo-juvenil-370x350.jpg\" class=\"attachment-chariton-event-400-400 size-chariton-event-400-400 wp-image-27262\" alt=\"\" \/>\n             <\/div>\n        <\/div><div class=\"eael-entry-wrapper\"><header class=\"eael-entry-header\"><h1 class=\"eael-entry-title\"><a class=\"eael-grid-post-link\" href=\"https:\/\/mirausa.net\/?testimonial=kirani-k-kados\" title=\"Historias de \u00c9xito con MIRA USA | Programa de Liderazgo Juvenil\">Historias de \u00c9xito con MIRA USA | Programa de Liderazgo Juvenil<\/a><\/h1><\/header><div class=\"eael-entry-meta\"><span class=\"eael-posted-on\"><time datetime=\"14 noviembre, 2019\">14 noviembre, 2019<\/time><\/span><\/div><div class=\"eael-entry-content\">\n                        <div class=\"eael-grid-post-excerpt\"><p>Historias de \u00c9xito con MIRA USA | Programa de Liderazgo Juvenil \u00a1MIRA USA abre puertas para los j\u00f3venes! \u00a1Escucha c\u00f3mo Tatiana, a trav\u00e9s del Programa de Liderazgo Juvenil, ha alcanzado...<\/p><a href=\"https:\/\/mirausa.net\/?testimonial=kirani-k-kados\" class=\"eael-post-elements-readmore-btn\">Leer m\u00e1s<\/a><\/div>\n                    <\/div><\/div><\/div>\n        <\/div>\n    <\/article><article class=\"eael-grid-post  eael-post-grid-column eael-pg-post-472\" data-id=\"472\">\n        <div class=\"eael-grid-post-holder\">\n            <div class=\"eael-grid-post-holder-inner\"><div class=\"eael-entry-media\"><div class=\"eael-entry-overlay fade-in\"><i class=\"fas fa-long-arrow-alt-right\" aria-hidden=\"true\"><\/i><a href=\"https:\/\/mirausa.net\/?testimonial=mirani-h-bados\"rel=\"nofollow\"><\/a><\/div><div class=\"eael-entry-thumbnail \">\n                 <img loading=\"lazy\" decoding=\"async\" width=\"370\" height=\"350\" src=\"https:\/\/mirausa.net\/wp-content\/uploads\/2025\/03\/Finanzas-y-Desarrollo-de-Pequenas-y-Medianas-Empresas-370x350.jpg\" class=\"attachment-chariton-event-400-400 size-chariton-event-400-400 wp-image-25106\" alt=\"\" \/>\n             <\/div>\n        <\/div><div class=\"eael-entry-wrapper\"><header class=\"eael-entry-header\"><h1 class=\"eael-entry-title\"><a class=\"eael-grid-post-link\" href=\"https:\/\/mirausa.net\/?testimonial=mirani-h-bados\" title=\"\u00a1Una gran historia! Petici\u00f3n Familiar con MIRA USA\">\u00a1Una gran historia! Petici\u00f3n Familiar con MIRA USA<\/a><\/h1><\/header><div class=\"eael-entry-meta\"><span class=\"eael-posted-on\"><time datetime=\"13 noviembre, 2019\">13 noviembre, 2019<\/time><\/span><\/div><div class=\"eael-entry-content\">\n                        <div class=\"eael-grid-post-excerpt\"><p>\u00a1Una gran historia! Petici\u00f3n Familiar con MIRA USA \u00a1Los invitamos a escuchar la inspiradora historia de c\u00f3mo Rub\u00e9n pudo reunirse con su familia a trav\u00e9s de nuestra l\u00ednea de apoyo...<\/p><a href=\"https:\/\/mirausa.net\/?testimonial=mirani-h-bados\" class=\"eael-post-elements-readmore-btn\">Leer m\u00e1s<\/a><\/div>\n                    <\/div><\/div><\/div>\n        <\/div>\n    <\/article><\/div>\n            <div class=\"clearfix\"><\/div>\n        <\/div>\t\t\t\t<\/div>\n\t\t\t\t<\/div>\n\t\t\t\t<\/div>\n\t\t\t\t<\/div>\n\t\t","protected":false},"excerpt":{"rendered":"<p>Success Stories Visit our social media channels and learn about more success stories. Facebook X-twitter Youtube Instagram Linkedin Historia de \u00c9xito | Atlanta GA &#8211; Yuver Reyes 18 May, 2025 [&hellip;]<\/p>\n","protected":false},"author":1,"featured_media":0,"parent":0,"menu_order":0,"comment_status":"closed","ping_status":"closed","template":"elementor_header_footer","meta":{"_acf_changed":false,"footnotes":""},"class_list":["post-26735","page","type-page","status-publish","hentry"],"acf":[],"_links":{"self":[{"href":"https:\/\/mirausa.net\/index.php?rest_route=\/wp\/v2\/pages\/26735","targetHints":{"allow":["GET"]}}],"collection":[{"href":"https:\/\/mirausa.net\/index.php?rest_route=\/wp\/v2\/pages"}],"about":[{"href":"https:\/\/mirausa.net\/index.php?rest_route=\/wp\/v2\/types\/page"}],"author":[{"embeddable":true,"href":"https:\/\/mirausa.net\/index.php?rest_route=\/wp\/v2\/users\/1"}],"replies":[{"embeddable":true,"href":"https:\/\/mirausa.net\/index.php?rest_route=%2Fwp%2Fv2%2Fcomments&post=26735"}],"version-history":[{"count":13,"href":"https:\/\/mirausa.net\/index.php?rest_route=\/wp\/v2\/pages\/26735\/revisions"}],"predecessor-version":[{"id":27267,"href":"https:\/\/mirausa.net\/index.php?rest_route=\/wp\/v2\/pages\/26735\/revisions\/27267"}],"wp:attachment":[{"href":"https:\/\/mirausa.net\/index.php?rest_route=%2Fwp%2Fv2%2Fmedia&parent=26735"}],"curies":[{"name":"wp","href":"https:\/\/api.w.org\/{rel}","templated":true}]}}