{"id":933,"date":"2019-12-09T06:42:31","date_gmt":"2019-12-09T06:42:31","guid":{"rendered":"http:\/\/pluginspoint.com\/chariton\/\/?page_id=933"},"modified":"2025-05-03T22:10:34","modified_gmt":"2025-05-04T03:10:34","slug":"causes","status":"publish","type":"page","link":"https:\/\/mirausa.net\/?page_id=933","title":{"rendered":"Nuestros Programas"},"content":{"rendered":"\t\t<div data-elementor-type=\"wp-page\" data-elementor-id=\"933\" class=\"elementor elementor-933\">\n\t\t\t\t\t\t<section class=\"elementor-section elementor-top-section elementor-element elementor-element-e8461c5 elementor-reverse-tablet elementor-reverse-mobile elementor-section-boxed elementor-section-height-default elementor-section-height-default\" data-id=\"e8461c5\" data-element_type=\"section\" data-e-type=\"section\" data-settings=\"{&quot;background_background&quot;:&quot;classic&quot;}\">\n\t\t\t\t\t\t\t<div class=\"elementor-background-overlay\"><\/div>\n\t\t\t\t\t\t\t<div class=\"elementor-container elementor-column-gap-default\">\n\t\t\t\t\t<div class=\"elementor-column elementor-col-100 elementor-top-column elementor-element elementor-element-a2d3e64\" data-id=\"a2d3e64\" data-element_type=\"column\" data-e-type=\"column\">\n\t\t\t<div class=\"elementor-widget-wrap elementor-element-populated\">\n\t\t\t\t\t\t<section class=\"elementor-section elementor-inner-section elementor-element elementor-element-7170b47 elementor-section-boxed elementor-section-height-default elementor-section-height-default\" data-id=\"7170b47\" data-element_type=\"section\" data-e-type=\"section\">\n\t\t\t\t\t\t<div class=\"elementor-container elementor-column-gap-default\">\n\t\t\t\t\t<div class=\"elementor-column elementor-col-100 elementor-inner-column elementor-element elementor-element-8702e0a\" data-id=\"8702e0a\" data-element_type=\"column\" data-e-type=\"column\">\n\t\t\t<div class=\"elementor-widget-wrap elementor-element-populated\">\n\t\t\t\t\t\t<div class=\"elementor-element elementor-element-fb73321 elementor-widget elementor-widget-elementskit-heading\" data-id=\"fb73321\" data-element_type=\"widget\" data-e-type=\"widget\" data-widget_type=\"elementskit-heading.default\">\n\t\t\t\t<div class=\"elementor-widget-container\">\n\t\t\t\t\t<div class=\"ekit-wid-con\" ><div class=\"ekit-heading elementskit-section-title-wraper text_center   ekit_heading_tablet-   ekit_heading_mobile-\"><h1 class=\"ekit-heading--title elementskit-section-title \">Nuestros Programas<\/h1><\/div><\/div>\t\t\t\t<\/div>\n\t\t\t\t<\/div>\n\t\t\t\t\t<\/div>\n\t\t<\/div>\n\t\t\t\t\t<\/div>\n\t\t<\/section>\n\t\t\t\t\t<\/div>\n\t\t<\/div>\n\t\t\t\t\t<\/div>\n\t\t<\/section>\n\t\t<div class=\"elementor-element elementor-element-aed20ac e-flex e-con-boxed e-con e-parent\" data-id=\"aed20ac\" data-element_type=\"container\" data-e-type=\"container\" data-settings=\"{&quot;background_background&quot;:&quot;classic&quot;}\">\n\t\t\t\t\t<div class=\"e-con-inner\">\n\t\t<div class=\"elementor-element elementor-element-ac19827 e-con-full e-flex e-con e-child\" data-id=\"ac19827\" data-element_type=\"container\" data-e-type=\"container\">\n\t\t\t\t<div class=\"elementor-element elementor-element-49622ac elementor-widget elementor-widget-image\" data-id=\"49622ac\" data-element_type=\"widget\" data-e-type=\"widget\" data-widget_type=\"image.default\">\n\t\t\t\t<div class=\"elementor-widget-container\">\n\t\t\t\t\t\t\t\t\t\t\t\t\t\t\t\t<a href=\"https:\/\/mirausa.net\/\/?page_id=24958\">\n\t\t\t\t\t\t\t<img fetchpriority=\"high\" decoding=\"async\" width=\"300\" height=\"299\" src=\"https:\/\/mirausa.net\/wp-content\/uploads\/2025\/03\/Programa-de-Asistencia-en-Inmigracion.png\" class=\"attachment-large size-large wp-image-24926\" alt=\"\" srcset=\"https:\/\/mirausa.net\/wp-content\/uploads\/2025\/03\/Programa-de-Asistencia-en-Inmigracion.png 300w, https:\/\/mirausa.net\/wp-content\/uploads\/2025\/03\/Programa-de-Asistencia-en-Inmigracion-150x150.png 150w, https:\/\/mirausa.net\/wp-content\/uploads\/2025\/03\/Programa-de-Asistencia-en-Inmigracion-80x80.png 80w\" sizes=\"(max-width: 300px) 100vw, 300px\" \/>\t\t\t\t\t\t\t\t<\/a>\n\t\t\t\t\t\t\t\t\t\t\t\t\t\t\t<\/div>\n\t\t\t\t<\/div>\n\t\t\t\t<\/div>\n\t\t<div class=\"elementor-element elementor-element-3459e06 e-con-full e-flex e-con e-child\" data-id=\"3459e06\" data-element_type=\"container\" data-e-type=\"container\">\n\t\t\t\t<div class=\"elementor-element elementor-element-a55ca10 elementor-widget elementor-widget-heading\" data-id=\"a55ca10\" data-element_type=\"widget\" data-e-type=\"widget\" data-widget_type=\"heading.default\">\n\t\t\t\t<div class=\"elementor-widget-container\">\n\t\t\t\t\t<h2 class=\"elementor-heading-title elementor-size-default\"><a href=\"https:\/\/mirausa.net\/\/?page_id=24958\">Programa de Asistencia en Inmigraci\u00f3n<\/a><\/h2>\t\t\t\t<\/div>\n\t\t\t\t<\/div>\n\t\t\t\t<div class=\"elementor-element elementor-element-9e02cb0 elementor-widget elementor-widget-chariton-button\" data-id=\"9e02cb0\" data-element_type=\"widget\" data-e-type=\"widget\" data-widget_type=\"chariton-button.default\">\n\t\t\t\t<div class=\"elementor-widget-container\">\n\t\t\t\t\t<a href=\"https:\/\/mirausa.net\/\/?page_id=24958\" rel=\"nofollow\" class=\"chariton-btn btn\"><i class=\"ifs-icon fas fa-bullhorn\"><\/i> M\u00e1s Informaci\u00f3n<\/a>\t\t\t\t<\/div>\n\t\t\t\t<\/div>\n\t\t\t\t<\/div>\n\t\t\t\t\t<\/div>\n\t\t\t\t<\/div>\n\t\t<div class=\"elementor-element elementor-element-fea856d e-flex e-con-boxed e-con e-parent\" data-id=\"fea856d\" data-element_type=\"container\" data-e-type=\"container\" data-settings=\"{&quot;background_background&quot;:&quot;classic&quot;}\">\n\t\t\t\t\t<div class=\"e-con-inner\">\n\t\t<div class=\"elementor-element elementor-element-2cb2ef2 e-con-full e-flex e-con e-child\" data-id=\"2cb2ef2\" data-element_type=\"container\" data-e-type=\"container\">\n\t\t\t\t<div class=\"elementor-element elementor-element-40eadd2 elementor-widget elementor-widget-image\" data-id=\"40eadd2\" data-element_type=\"widget\" data-e-type=\"widget\" data-widget_type=\"image.default\">\n\t\t\t\t<div class=\"elementor-widget-container\">\n\t\t\t\t\t\t\t\t\t\t\t\t\t\t\t\t<a href=\"https:\/\/mirausa.net\/\/?page_id=25158\">\n\t\t\t\t\t\t\t<img decoding=\"async\" width=\"300\" height=\"299\" src=\"https:\/\/mirausa.net\/wp-content\/uploads\/2025\/03\/Programa-de-Educacion-Financiera-y-Desarrollo-Personal.png\" class=\"attachment-large size-large wp-image-24940\" alt=\"\" srcset=\"https:\/\/mirausa.net\/wp-content\/uploads\/2025\/03\/Programa-de-Educacion-Financiera-y-Desarrollo-Personal.png 300w, https:\/\/mirausa.net\/wp-content\/uploads\/2025\/03\/Programa-de-Educacion-Financiera-y-Desarrollo-Personal-150x150.png 150w, https:\/\/mirausa.net\/wp-content\/uploads\/2025\/03\/Programa-de-Educacion-Financiera-y-Desarrollo-Personal-80x80.png 80w\" sizes=\"(max-width: 300px) 100vw, 300px\" \/>\t\t\t\t\t\t\t\t<\/a>\n\t\t\t\t\t\t\t\t\t\t\t\t\t\t\t<\/div>\n\t\t\t\t<\/div>\n\t\t\t\t<\/div>\n\t\t<div class=\"elementor-element elementor-element-49d29a4 e-con-full e-flex e-con e-child\" data-id=\"49d29a4\" data-element_type=\"container\" data-e-type=\"container\">\n\t\t\t\t<div class=\"elementor-element elementor-element-9d57bb2 elementor-widget elementor-widget-heading\" data-id=\"9d57bb2\" data-element_type=\"widget\" data-e-type=\"widget\" data-widget_type=\"heading.default\">\n\t\t\t\t<div class=\"elementor-widget-container\">\n\t\t\t\t\t<h2 class=\"elementor-heading-title elementor-size-default\"><a href=\"https:\/\/mirausa.net\/\/?page_id=25158\">Programa de Educaci\u00f3n Financiera<\/a><\/h2>\t\t\t\t<\/div>\n\t\t\t\t<\/div>\n\t\t\t\t<div class=\"elementor-element elementor-element-d184fa6 elementor-widget elementor-widget-chariton-button\" data-id=\"d184fa6\" data-element_type=\"widget\" data-e-type=\"widget\" data-widget_type=\"chariton-button.default\">\n\t\t\t\t<div class=\"elementor-widget-container\">\n\t\t\t\t\t<a href=\"https:\/\/mirausa.net\/\/?page_id=25158\" target=\"_blank\" rel=\"nofollow\" class=\"chariton-btn btn\"><i class=\"ifs-icon fas fa-bullhorn\"><\/i> M\u00e1s Informaci\u00f3n<\/a>\t\t\t\t<\/div>\n\t\t\t\t<\/div>\n\t\t\t\t<\/div>\n\t\t\t\t\t<\/div>\n\t\t\t\t<\/div>\n\t\t<div class=\"elementor-element elementor-element-5583410 e-flex e-con-boxed e-con e-parent\" data-id=\"5583410\" data-element_type=\"container\" data-e-type=\"container\" data-settings=\"{&quot;background_background&quot;:&quot;classic&quot;}\">\n\t\t\t\t\t<div class=\"e-con-inner\">\n\t\t<div class=\"elementor-element elementor-element-8d6960d e-con-full e-flex e-con e-child\" data-id=\"8d6960d\" data-element_type=\"container\" data-e-type=\"container\">\n\t\t\t\t<div class=\"elementor-element elementor-element-d720141 elementor-widget elementor-widget-image\" data-id=\"d720141\" data-element_type=\"widget\" data-e-type=\"widget\" data-widget_type=\"image.default\">\n\t\t\t\t<div class=\"elementor-widget-container\">\n\t\t\t\t\t\t\t\t\t\t\t\t\t\t\t\t<a href=\"https:\/\/mirausa.net\/\/?page_id=25207\">\n\t\t\t\t\t\t\t<img decoding=\"async\" width=\"613\" height=\"614\" src=\"https:\/\/mirausa.net\/wp-content\/uploads\/2025\/03\/Programa-de-Alianza-Global.png\" class=\"attachment-large size-large wp-image-24941\" alt=\"\" srcset=\"https:\/\/mirausa.net\/wp-content\/uploads\/2025\/03\/Programa-de-Alianza-Global.png 613w, https:\/\/mirausa.net\/wp-content\/uploads\/2025\/03\/Programa-de-Alianza-Global-300x300.png 300w, https:\/\/mirausa.net\/wp-content\/uploads\/2025\/03\/Programa-de-Alianza-Global-150x150.png 150w, https:\/\/mirausa.net\/wp-content\/uploads\/2025\/03\/Programa-de-Alianza-Global-80x80.png 80w\" sizes=\"(max-width: 613px) 100vw, 613px\" \/>\t\t\t\t\t\t\t\t<\/a>\n\t\t\t\t\t\t\t\t\t\t\t\t\t\t\t<\/div>\n\t\t\t\t<\/div>\n\t\t\t\t<\/div>\n\t\t<div class=\"elementor-element elementor-element-c833a72 e-con-full e-flex e-con e-child\" data-id=\"c833a72\" data-element_type=\"container\" data-e-type=\"container\">\n\t\t\t\t<div class=\"elementor-element elementor-element-89958f2 elementor-widget elementor-widget-heading\" data-id=\"89958f2\" data-element_type=\"widget\" data-e-type=\"widget\" data-widget_type=\"heading.default\">\n\t\t\t\t<div class=\"elementor-widget-container\">\n\t\t\t\t\t<h2 class=\"elementor-heading-title elementor-size-default\"><a href=\"https:\/\/mirausa.net\/\/?page_id=25207\">Programa de Alianza Global<\/a><\/h2>\t\t\t\t<\/div>\n\t\t\t\t<\/div>\n\t\t\t\t<div class=\"elementor-element elementor-element-f450681 elementor-widget elementor-widget-chariton-button\" data-id=\"f450681\" data-element_type=\"widget\" data-e-type=\"widget\" data-widget_type=\"chariton-button.default\">\n\t\t\t\t<div class=\"elementor-widget-container\">\n\t\t\t\t\t<a href=\"https:\/\/mirausa.net\/\/?page_id=25207\" target=\"_blank\" rel=\"nofollow\" class=\"chariton-btn btn\"><i class=\"ifs-icon fas fa-bullhorn\"><\/i> M\u00e1s Informaci\u00f3n<\/a>\t\t\t\t<\/div>\n\t\t\t\t<\/div>\n\t\t\t\t<\/div>\n\t\t\t\t\t<\/div>\n\t\t\t\t<\/div>\n\t\t<div class=\"elementor-element elementor-element-b9f49a9 e-flex e-con-boxed e-con e-parent\" data-id=\"b9f49a9\" data-element_type=\"container\" data-e-type=\"container\" data-settings=\"{&quot;background_background&quot;:&quot;classic&quot;}\">\n\t\t\t\t\t<div class=\"e-con-inner\">\n\t\t<div class=\"elementor-element elementor-element-ab6894f e-con-full e-flex e-con e-child\" data-id=\"ab6894f\" data-element_type=\"container\" data-e-type=\"container\">\n\t\t\t\t<div class=\"elementor-element elementor-element-b8b8a55 elementor-widget elementor-widget-image\" data-id=\"b8b8a55\" data-element_type=\"widget\" data-e-type=\"widget\" data-widget_type=\"image.default\">\n\t\t\t\t<div class=\"elementor-widget-container\">\n\t\t\t\t\t\t\t\t\t\t\t\t\t\t\t\t<a href=\"https:\/\/mirausa.net\/\/?page_id=25256\">\n\t\t\t\t\t\t\t<img loading=\"lazy\" decoding=\"async\" width=\"613\" height=\"614\" src=\"https:\/\/mirausa.net\/wp-content\/uploads\/2025\/03\/Programa-de-Liderazgo-Juvenil.png\" class=\"attachment-large size-large wp-image-24945\" alt=\"\" srcset=\"https:\/\/mirausa.net\/wp-content\/uploads\/2025\/03\/Programa-de-Liderazgo-Juvenil.png 613w, https:\/\/mirausa.net\/wp-content\/uploads\/2025\/03\/Programa-de-Liderazgo-Juvenil-300x300.png 300w, https:\/\/mirausa.net\/wp-content\/uploads\/2025\/03\/Programa-de-Liderazgo-Juvenil-150x150.png 150w, https:\/\/mirausa.net\/wp-content\/uploads\/2025\/03\/Programa-de-Liderazgo-Juvenil-80x80.png 80w\" sizes=\"(max-width: 613px) 100vw, 613px\" \/>\t\t\t\t\t\t\t\t<\/a>\n\t\t\t\t\t\t\t\t\t\t\t\t\t\t\t<\/div>\n\t\t\t\t<\/div>\n\t\t\t\t<\/div>\n\t\t<div class=\"elementor-element elementor-element-f2130bc e-con-full e-flex e-con e-child\" data-id=\"f2130bc\" data-element_type=\"container\" data-e-type=\"container\">\n\t\t\t\t<div class=\"elementor-element elementor-element-2290c4d elementor-widget elementor-widget-heading\" data-id=\"2290c4d\" data-element_type=\"widget\" data-e-type=\"widget\" data-widget_type=\"heading.default\">\n\t\t\t\t<div class=\"elementor-widget-container\">\n\t\t\t\t\t<h2 class=\"elementor-heading-title elementor-size-default\"><a href=\"https:\/\/mirausa.net\/\/?page_id=25256\">Programa de Liderazgo Juvenil<\/a><\/h2>\t\t\t\t<\/div>\n\t\t\t\t<\/div>\n\t\t\t\t<div class=\"elementor-element elementor-element-f63651e elementor-widget elementor-widget-chariton-button\" data-id=\"f63651e\" data-element_type=\"widget\" data-e-type=\"widget\" data-widget_type=\"chariton-button.default\">\n\t\t\t\t<div class=\"elementor-widget-container\">\n\t\t\t\t\t<a href=\"https:\/\/mirausa.net\/\/?page_id=25256\" target=\"_blank\" rel=\"nofollow\" class=\"chariton-btn btn\"><i class=\"ifs-icon fas fa-bullhorn\"><\/i> M\u00e1s Informaci\u00f3n<\/a>\t\t\t\t<\/div>\n\t\t\t\t<\/div>\n\t\t\t\t<\/div>\n\t\t\t\t\t<\/div>\n\t\t\t\t<\/div>\n\t\t\t\t<\/div>\n\t\t","protected":false},"excerpt":{"rendered":"<p>Nuestros Programas Programa de Asistencia en Inmigraci\u00f3n M\u00e1s Informaci\u00f3n Programa de Educaci\u00f3n Financiera M\u00e1s Informaci\u00f3n Programa de Alianza Global M\u00e1s Informaci\u00f3n Programa de Liderazgo Juvenil M\u00e1s Informaci\u00f3n<\/p>\n","protected":false},"author":1,"featured_media":0,"parent":0,"menu_order":0,"comment_status":"closed","ping_status":"closed","template":"elementor_header_footer","meta":{"_acf_changed":false,"footnotes":""},"class_list":["post-933","page","type-page","status-publish","hentry"],"acf":[],"_links":{"self":[{"href":"https:\/\/mirausa.net\/index.php?rest_route=\/wp\/v2\/pages\/933","targetHints":{"allow":["GET"]}}],"collection":[{"href":"https:\/\/mirausa.net\/index.php?rest_route=\/wp\/v2\/pages"}],"about":[{"href":"https:\/\/mirausa.net\/index.php?rest_route=\/wp\/v2\/types\/page"}],"author":[{"embeddable":true,"href":"https:\/\/mirausa.net\/index.php?rest_route=\/wp\/v2\/users\/1"}],"replies":[{"embeddable":true,"href":"https:\/\/mirausa.net\/index.php?rest_route=%2Fwp%2Fv2%2Fcomments&post=933"}],"version-history":[{"count":65,"href":"https:\/\/mirausa.net\/index.php?rest_route=\/wp\/v2\/pages\/933\/revisions"}],"predecessor-version":[{"id":26342,"href":"https:\/\/mirausa.net\/index.php?rest_route=\/wp\/v2\/pages\/933\/revisions\/26342"}],"wp:attachment":[{"href":"https:\/\/mirausa.net\/index.php?rest_route=%2Fwp%2Fv2%2Fmedia&parent=933"}],"curies":[{"name":"wp","href":"https:\/\/api.w.org\/{rel}","templated":true}]}}